{"id":2689,"date":"2025-09-09T12:25:43","date_gmt":"2025-09-09T09:25:43","guid":{"rendered":"https:\/\/glamu.com.ua\/shop\/\u0431\u0435\u0437%20\u043a\u0430\u0442\u0435\u0433\u043e\u0440\u0456\u0457\/babor-doctor-babor-pro-aha-cleansing-lotion-100ml\/"},"modified":"2026-03-31T04:20:02","modified_gmt":"2026-03-31T01:20:02","slug":"babor-doctor-babor-pro-aha-locion-limpiadora-100ml","status":"publish","type":"product","link":"https:\/\/glamu.com.ua\/es\/tienda\/doglyad-para-oblychchyam\/ochishchennya\/pinky-ta-heli\/babor-doctor-babor-pro-aha-locion-limpiadora-100ml\/","title":{"rendered":"Babor Doctor Babor Pro AHA Loci\u00f3n Limpiadora 100ml"},"content":{"rendered":"<p>La loci\u00f3n proporciona una limpieza delicada, y su principal componente es el \u00e1cido l\u00e1ctico. Estimula la exfoliaci\u00f3n suave de la capa queratinizada de la epidermis, liberando la piel de lastre. Al mismo tiempo, los ingredientes hidratantes no dan una segunda oportunidad a la sequedad, proporcionando un confort total despu\u00e9s del lavado. Su rostro se ver\u00e1 cada vez m\u00e1s limpio y fresco.<\/p>","protected":false},"excerpt":{"rendered":"<p>Doctor Babor Pro AHA Loci\u00f3n Limpiadora 100 ml con \u00e1cidos AHA<\/p>","protected":false},"featured_media":9269,"comment_status":"closed","ping_status":"closed","template":"","meta":{"_acf_changed":false},"product_brand":[],"product_cat":[19],"product_tag":[],"class_list":{"0":"post-2689","1":"product","2":"type-product","3":"status-publish","4":"has-post-thumbnail","6":"product_cat-pinky-ta-heli","8":"first","9":"instock","10":"purchasable","11":"product-type-simple"},"acf":[],"_links":{"self":[{"href":"https:\/\/glamu.com.ua\/es\/wp-json\/wp\/v2\/product\/2689","targetHints":{"allow":["GET"]}}],"collection":[{"href":"https:\/\/glamu.com.ua\/es\/wp-json\/wp\/v2\/product"}],"about":[{"href":"https:\/\/glamu.com.ua\/es\/wp-json\/wp\/v2\/types\/product"}],"replies":[{"embeddable":true,"href":"https:\/\/glamu.com.ua\/es\/wp-json\/wp\/v2\/comments?post=2689"}],"version-history":[{"count":1,"href":"https:\/\/glamu.com.ua\/es\/wp-json\/wp\/v2\/product\/2689\/revisions"}],"predecessor-version":[{"id":6940,"href":"https:\/\/glamu.com.ua\/es\/wp-json\/wp\/v2\/product\/2689\/revisions\/6940"}],"wp:featuredmedia":[{"embeddable":true,"href":"https:\/\/glamu.com.ua\/es\/wp-json\/wp\/v2\/media\/9269"}],"wp:attachment":[{"href":"https:\/\/glamu.com.ua\/es\/wp-json\/wp\/v2\/media?parent=2689"}],"wp:term":[{"taxonomy":"product_brand","embeddable":true,"href":"https:\/\/glamu.com.ua\/es\/wp-json\/wp\/v2\/product_brand?post=2689"},{"taxonomy":"product_cat","embeddable":true,"href":"https:\/\/glamu.com.ua\/es\/wp-json\/wp\/v2\/product_cat?post=2689"},{"taxonomy":"product_tag","embeddable":true,"href":"https:\/\/glamu.com.ua\/es\/wp-json\/wp\/v2\/product_tag?post=2689"}],"curies":[{"name":"wp","href":"https:\/\/api.w.org\/{rel}","templated":true}]}}