{"id":2686,"date":"2025-09-09T12:25:43","date_gmt":"2025-09-09T09:25:43","guid":{"rendered":"https:\/\/glamu.com.ua\/shop\/\u0431\u0435\u0437%20\u043a\u0430\u0442\u0435\u0433\u043e\u0440\u0456\u0457\/babor-doctor-babor-pro-ceramide-cream-50ml\/"},"modified":"2026-03-31T04:22:14","modified_gmt":"2026-03-31T01:22:14","slug":"babor-doctor-babor-pro-ceramide-cream-50ml","status":"publish","type":"product","link":"https:\/\/glamu.com.ua\/es\/tienda\/doglyad-para-oblychchyam\/crema\/krem-dlya-oblychchya\/babor-doctor-babor-pro-ceramide-cream-50ml\/","title":{"rendered":"Babor Doctor Babor Pro Ceramide Cream 50ml"},"content":{"rendered":"<p>La rica textura de la crema de ceramidas imita la estructura laminar de la barrera hidrolip\u00eddica y favorece la funci\u00f3n protectora natural de la piel. La crema combina l\u00edpidos y ceramidas, que son similares a los que se encuentran de forma natural en la piel, para ayudar a compensar el deterioro de la funci\u00f3n de barrera de la piel y ayudar a proteger frente a la p\u00e9rdida de hidrataci\u00f3n.<\/p>","protected":false},"excerpt":{"rendered":"<p>Crema facial con ceramidas Doctor Babor Pro Ceramide Cream 50 ml<\/p>","protected":false},"featured_media":9275,"comment_status":"closed","ping_status":"closed","template":"","meta":{"_acf_changed":false},"product_brand":[],"product_cat":[79],"product_tag":[],"class_list":{"0":"post-2686","1":"product","2":"type-product","3":"status-publish","4":"has-post-thumbnail","6":"product_cat-krem-dlya-oblychchya","8":"first","9":"instock","10":"purchasable","11":"product-type-simple"},"acf":[],"_links":{"self":[{"href":"https:\/\/glamu.com.ua\/es\/wp-json\/wp\/v2\/product\/2686","targetHints":{"allow":["GET"]}}],"collection":[{"href":"https:\/\/glamu.com.ua\/es\/wp-json\/wp\/v2\/product"}],"about":[{"href":"https:\/\/glamu.com.ua\/es\/wp-json\/wp\/v2\/types\/product"}],"replies":[{"embeddable":true,"href":"https:\/\/glamu.com.ua\/es\/wp-json\/wp\/v2\/comments?post=2686"}],"version-history":[{"count":1,"href":"https:\/\/glamu.com.ua\/es\/wp-json\/wp\/v2\/product\/2686\/revisions"}],"predecessor-version":[{"id":6950,"href":"https:\/\/glamu.com.ua\/es\/wp-json\/wp\/v2\/product\/2686\/revisions\/6950"}],"wp:featuredmedia":[{"embeddable":true,"href":"https:\/\/glamu.com.ua\/es\/wp-json\/wp\/v2\/media\/9275"}],"wp:attachment":[{"href":"https:\/\/glamu.com.ua\/es\/wp-json\/wp\/v2\/media?parent=2686"}],"wp:term":[{"taxonomy":"product_brand","embeddable":true,"href":"https:\/\/glamu.com.ua\/es\/wp-json\/wp\/v2\/product_brand?post=2686"},{"taxonomy":"product_cat","embeddable":true,"href":"https:\/\/glamu.com.ua\/es\/wp-json\/wp\/v2\/product_cat?post=2686"},{"taxonomy":"product_tag","embeddable":true,"href":"https:\/\/glamu.com.ua\/es\/wp-json\/wp\/v2\/product_tag?post=2686"}],"curies":[{"name":"wp","href":"https:\/\/api.w.org\/{rel}","templated":true}]}}