{"id":2598,"date":"2025-09-09T12:24:51","date_gmt":"2025-09-09T09:24:51","guid":{"rendered":"https:\/\/glamu.com.ua\/shop\/\u0431\u0435\u0437%20\u043a\u0430\u0442\u0435\u0433\u043e\u0440\u0456\u0457\/vidlushhuyuchyj-antyoksydantnyj-gel-doctor-babor-resurface-exfoliating-antioxidant-gel-50-ml\/"},"modified":"2025-11-24T23:38:41","modified_gmt":"2025-11-24T21:38:41","slug":"doctor-babor-resurface-gel-exfoliante-antioxidante-50-ml","status":"publish","type":"product","link":"https:\/\/glamu.com.ua\/es\/tienda\/doglyad-para-oblychchyam\/ochishchennya\/pinky-ta-heli\/doctor-babor-resurface-gel-exfoliante-antioxidante-50-ml\/","title":{"rendered":"Doctor Babor Resurface Gel Exfoliante Antioxidante 50 ml"},"content":{"rendered":"<p>Gel exfoliante con una eficaz combinaci\u00f3n de \u00e1cido glic\u00f3lico 10%, \u00e1cido l\u00e1ctico, \u00e1cido tart\u00e1rico, \u00e1cido m\u00e1lico y \u00e1cido c\u00edtrico. Exfolia las c\u00e9lulas muertas de la piel para crear un tono de piel m\u00e1s suave, poros y brotes menos visibles y una piel m\u00e1s tersa. La beta\u00edna, la L-arginina y el antioxidante thiothiaine ayudan a la piel a protegerse de los factores ambientales negativos. Ideal para quienes desean una exfoliaci\u00f3n con \u00e1cidos frutales para pieles secas, mixtas y envejecidas.<\/p>","protected":false},"excerpt":{"rendered":"<p>Doctor Babor Resurface Gel Exfoliante Antioxidante 50 ml<\/p>","protected":false},"featured_media":4520,"comment_status":"closed","ping_status":"closed","template":"","meta":{"_acf_changed":false},"product_brand":[],"product_cat":[19],"product_tag":[],"class_list":{"0":"post-2598","1":"product","2":"type-product","3":"status-publish","4":"has-post-thumbnail","6":"product_cat-pinky-ta-heli","8":"first","9":"instock","10":"purchasable","11":"product-type-simple"},"acf":[],"_links":{"self":[{"href":"https:\/\/glamu.com.ua\/es\/wp-json\/wp\/v2\/product\/2598","targetHints":{"allow":["GET"]}}],"collection":[{"href":"https:\/\/glamu.com.ua\/es\/wp-json\/wp\/v2\/product"}],"about":[{"href":"https:\/\/glamu.com.ua\/es\/wp-json\/wp\/v2\/types\/product"}],"replies":[{"embeddable":true,"href":"https:\/\/glamu.com.ua\/es\/wp-json\/wp\/v2\/comments?post=2598"}],"version-history":[{"count":1,"href":"https:\/\/glamu.com.ua\/es\/wp-json\/wp\/v2\/product\/2598\/revisions"}],"predecessor-version":[{"id":6921,"href":"https:\/\/glamu.com.ua\/es\/wp-json\/wp\/v2\/product\/2598\/revisions\/6921"}],"wp:featuredmedia":[{"embeddable":true,"href":"https:\/\/glamu.com.ua\/es\/wp-json\/wp\/v2\/media\/4520"}],"wp:attachment":[{"href":"https:\/\/glamu.com.ua\/es\/wp-json\/wp\/v2\/media?parent=2598"}],"wp:term":[{"taxonomy":"product_brand","embeddable":true,"href":"https:\/\/glamu.com.ua\/es\/wp-json\/wp\/v2\/product_brand?post=2598"},{"taxonomy":"product_cat","embeddable":true,"href":"https:\/\/glamu.com.ua\/es\/wp-json\/wp\/v2\/product_cat?post=2598"},{"taxonomy":"product_tag","embeddable":true,"href":"https:\/\/glamu.com.ua\/es\/wp-json\/wp\/v2\/product_tag?post=2598"}],"curies":[{"name":"wp","href":"https:\/\/api.w.org\/{rel}","templated":true}]}}