{"id":2572,"date":"2025-09-09T12:24:51","date_gmt":"2025-09-09T09:24:51","guid":{"rendered":"https:\/\/glamu.com.ua\/shop\/\u0431\u0435\u0437%20\u043a\u0430\u0442\u0435\u0433\u043e\u0440\u0456\u0457\/aha-piling-dysky-doctor-babor-exfoliating-peel-pads-40-sht\/"},"modified":"2026-03-21T00:19:11","modified_gmt":"2026-03-20T22:19:11","slug":"aha-piling-dysky-doctor-babor-exfoliating-peel-pads-40-sht","status":"publish","type":"product","link":"https:\/\/glamu.com.ua\/es\/tienda\/doglyad-para-oblychchyam\/apilamiento-dlya-oblychchya\/aha-piling-dysky-doctor-babor-exfoliating-peel-pads-40-sht\/","title":{"rendered":"Discos exfoliantes AHA Doctor Babor Exfoliating Peel Pads 40 uds."},"content":{"rendered":"<p>Almohadillas exfoliantes con \u00e1cido frutal que purifican la piel. Elimina las c\u00e9lulas muertas y las impurezas de la piel, aumenta la capacidad de retenci\u00f3n de hidrataci\u00f3n de la piel y estimula su renovaci\u00f3n. Muy pr\u00e1cticos y agradables de usar. Gracias a su superficie con relieve especial, los parches proporcionan simult\u00e1neamente el efecto de un peeling qu\u00edmico y de un peeling mec\u00e1nico suave, garantizando una renovaci\u00f3n completa de la piel. Tras su aplicaci\u00f3n, la esencia que impregna el producto se absorbe r\u00e1pidamente sin sensaci\u00f3n pegajosa. Los parches no contienen siliconas, parabenos, aceites minerales, PEG, micropl\u00e1sticos.<\/p>","protected":false},"excerpt":{"rendered":"<p>Discos exfoliantes AHA Doctor Babor Exfoliating Peel Pads 40 uds.<\/p>","protected":false},"featured_media":8197,"comment_status":"closed","ping_status":"closed","template":"","meta":{"_acf_changed":false},"product_brand":[],"product_cat":[80],"product_tag":[],"class_list":{"0":"post-2572","1":"product","2":"type-product","3":"status-publish","4":"has-post-thumbnail","6":"product_cat-piling-dlya-oblychchya","8":"first","9":"instock","10":"purchasable","11":"product-type-simple"},"acf":[],"_links":{"self":[{"href":"https:\/\/glamu.com.ua\/es\/wp-json\/wp\/v2\/product\/2572","targetHints":{"allow":["GET"]}}],"collection":[{"href":"https:\/\/glamu.com.ua\/es\/wp-json\/wp\/v2\/product"}],"about":[{"href":"https:\/\/glamu.com.ua\/es\/wp-json\/wp\/v2\/types\/product"}],"replies":[{"embeddable":true,"href":"https:\/\/glamu.com.ua\/es\/wp-json\/wp\/v2\/comments?post=2572"}],"version-history":[{"count":1,"href":"https:\/\/glamu.com.ua\/es\/wp-json\/wp\/v2\/product\/2572\/revisions"}],"predecessor-version":[{"id":6923,"href":"https:\/\/glamu.com.ua\/es\/wp-json\/wp\/v2\/product\/2572\/revisions\/6923"}],"wp:featuredmedia":[{"embeddable":true,"href":"https:\/\/glamu.com.ua\/es\/wp-json\/wp\/v2\/media\/8197"}],"wp:attachment":[{"href":"https:\/\/glamu.com.ua\/es\/wp-json\/wp\/v2\/media?parent=2572"}],"wp:term":[{"taxonomy":"product_brand","embeddable":true,"href":"https:\/\/glamu.com.ua\/es\/wp-json\/wp\/v2\/product_brand?post=2572"},{"taxonomy":"product_cat","embeddable":true,"href":"https:\/\/glamu.com.ua\/es\/wp-json\/wp\/v2\/product_cat?post=2572"},{"taxonomy":"product_tag","embeddable":true,"href":"https:\/\/glamu.com.ua\/es\/wp-json\/wp\/v2\/product_tag?post=2572"}],"curies":[{"name":"wp","href":"https:\/\/api.w.org\/{rel}","templated":true}]}}