{"id":2569,"date":"2025-09-09T12:24:51","date_gmt":"2025-09-09T09:24:51","guid":{"rendered":"https:\/\/glamu.com.ua\/shop\/\u0431\u0435\u0437%20\u043a\u0430\u0442\u0435\u0433\u043e\u0440\u0456\u0457\/nezmyvnyj-enzymnyj-piling-dlya-shkiry-oblychchya-doctor-babor-enzyme-micro-peel-balm-75-ml\/"},"modified":"2025-11-24T23:38:41","modified_gmt":"2025-11-24T21:38:41","slug":"balsamo-enzimatico-nezmyvnyy-para-la-piel-de-la-cara-doctor-babor-enzyme-micro-peel-balsamo-75-ml","status":"publish","type":"product","link":"https:\/\/glamu.com.ua\/es\/tienda\/doglyad-para-oblychchyam\/apilamiento-dlya-oblychchya\/balsamo-enzimatico-nezmyvnyy-para-la-piel-de-la-cara-doctor-babor-enzyme-micro-peel-balsamo-75-ml\/","title":{"rendered":"Doctor Babor Enzyme Micro Peel Balm 75 ml peeling enzim\u00e1tico indeleble para la piel del rostro"},"content":{"rendered":"<p>El producto tiene una consistencia agradable, act\u00faa suavemente sobre la piel, no contiene \u00e1cidos agresivos ni abrasivos, por lo que es adecuado para cualquier tipo de piel, especialmente las secas y maduras. Gracias a la combinaci\u00f3n \u00fanica de ingredientes activos, el b\u00e1lsamo micropeeling estimula los procesos de renovaci\u00f3n y mejora el estado general. La enzima papa\u00edna elimina suavemente el estrato c\u00f3rneo, ilumina la piel, minimiza la gravedad de las manchas de la edad, tiene un efecto alisador y acelera la regeneraci\u00f3n. Las part\u00edculas de az\u00facar natural tienen propiedades exfoliantes, limpian los poros y mejoran la circulaci\u00f3n sangu\u00ednea. El extracto vegetal Biogen proporciona un efecto antioxidante. Los aceites de almendra y girasol hidratan, nutren y suavizan intensamente la piel.<\/p>","protected":false},"excerpt":{"rendered":"<p>Peeling enzim\u00e1tico para la piel del rostro Doctor Babor Enzyme Micro Peel Balm 75 ml<\/p>","protected":false},"featured_media":4575,"comment_status":"closed","ping_status":"closed","template":"","meta":{"_acf_changed":false},"product_brand":[],"product_cat":[80],"product_tag":[],"class_list":{"0":"post-2569","1":"product","2":"type-product","3":"status-publish","4":"has-post-thumbnail","6":"product_cat-piling-dlya-oblychchya","8":"first","9":"instock","10":"purchasable","11":"product-type-simple"},"acf":[],"_links":{"self":[{"href":"https:\/\/glamu.com.ua\/es\/wp-json\/wp\/v2\/product\/2569","targetHints":{"allow":["GET"]}}],"collection":[{"href":"https:\/\/glamu.com.ua\/es\/wp-json\/wp\/v2\/product"}],"about":[{"href":"https:\/\/glamu.com.ua\/es\/wp-json\/wp\/v2\/types\/product"}],"replies":[{"embeddable":true,"href":"https:\/\/glamu.com.ua\/es\/wp-json\/wp\/v2\/comments?post=2569"}],"version-history":[{"count":1,"href":"https:\/\/glamu.com.ua\/es\/wp-json\/wp\/v2\/product\/2569\/revisions"}],"predecessor-version":[{"id":6922,"href":"https:\/\/glamu.com.ua\/es\/wp-json\/wp\/v2\/product\/2569\/revisions\/6922"}],"wp:featuredmedia":[{"embeddable":true,"href":"https:\/\/glamu.com.ua\/es\/wp-json\/wp\/v2\/media\/4575"}],"wp:attachment":[{"href":"https:\/\/glamu.com.ua\/es\/wp-json\/wp\/v2\/media?parent=2569"}],"wp:term":[{"taxonomy":"product_brand","embeddable":true,"href":"https:\/\/glamu.com.ua\/es\/wp-json\/wp\/v2\/product_brand?post=2569"},{"taxonomy":"product_cat","embeddable":true,"href":"https:\/\/glamu.com.ua\/es\/wp-json\/wp\/v2\/product_cat?post=2569"},{"taxonomy":"product_tag","embeddable":true,"href":"https:\/\/glamu.com.ua\/es\/wp-json\/wp\/v2\/product_tag?post=2569"}],"curies":[{"name":"wp","href":"https:\/\/api.w.org\/{rel}","templated":true}]}}