{"id":2528,"date":"2025-09-09T12:24:25","date_gmt":"2025-09-09T09:24:25","guid":{"rendered":"https:\/\/glamu.com.ua\/shop\/\u0431\u0435\u0437%20\u043a\u0430\u0442\u0435\u0433\u043e\u0440\u0456\u0457\/syrovatka-babor-seacreation-the-serum-dlya-oblychchya-30-ml\/"},"modified":"2026-03-21T08:25:41","modified_gmt":"2026-03-21T06:25:41","slug":"syrovatka-babor-seacreation-the-serum-dlya-oblychchya-30-ml","status":"publish","type":"product","link":"https:\/\/glamu.com.ua\/es\/tienda\/doglyad-para-oblychchyam\/syrovatka-dlya-oblychchya\/syrovatka-babor-seacreation-the-serum-dlya-oblychchya-30-ml\/","title":{"rendered":"Babor SeaCreation El Suero para la cara 30 ml"},"content":{"rendered":"<p>Este lujoso s\u00e9rum antiedad con una alta concentraci\u00f3n de ingredientes Sea-telligent le ayudar\u00e1 a preservar la juventud, la suavidad sedosa y la luminosidad natural de su piel. El extracto de algas pardas previene la deshidrataci\u00f3n de la piel y la protege de los procesos ex\u00f3genos y oxidativos. La prote\u00edna de perla proporciona a la piel un tacto sedoso, mientras que los polisac\u00e1ridos ayudan a reponer el d\u00e9ficit de hidrataci\u00f3n de la epidermis. El p\u00e9ptido antiedad Glycoceane GP3 fomenta la producci\u00f3n intensiva de col\u00e1geno. El producto de belleza SeaCreation tiene un fuerte efecto antienvejecimiento, mejora el microrrelieve cut\u00e1neo, hidrata en profundidad, estimula la producci\u00f3n de prote\u00ednas y activa el proceso de renovaci\u00f3n.<\/p>","protected":false},"excerpt":{"rendered":"<p>Babor SeaCreation El Suero 30 ml<\/p>","protected":false},"featured_media":8687,"comment_status":"closed","ping_status":"closed","template":"","meta":{"_acf_changed":false},"product_brand":[],"product_cat":[83],"product_tag":[],"class_list":{"0":"post-2528","1":"product","2":"type-product","3":"status-publish","4":"has-post-thumbnail","6":"product_cat-syrovatka-dlya-oblychchya","8":"first","9":"instock","10":"purchasable","11":"product-type-simple"},"acf":[],"_links":{"self":[{"href":"https:\/\/glamu.com.ua\/es\/wp-json\/wp\/v2\/product\/2528","targetHints":{"allow":["GET"]}}],"collection":[{"href":"https:\/\/glamu.com.ua\/es\/wp-json\/wp\/v2\/product"}],"about":[{"href":"https:\/\/glamu.com.ua\/es\/wp-json\/wp\/v2\/types\/product"}],"replies":[{"embeddable":true,"href":"https:\/\/glamu.com.ua\/es\/wp-json\/wp\/v2\/comments?post=2528"}],"version-history":[{"count":2,"href":"https:\/\/glamu.com.ua\/es\/wp-json\/wp\/v2\/product\/2528\/revisions"}],"predecessor-version":[{"id":9339,"href":"https:\/\/glamu.com.ua\/es\/wp-json\/wp\/v2\/product\/2528\/revisions\/9339"}],"wp:featuredmedia":[{"embeddable":true,"href":"https:\/\/glamu.com.ua\/es\/wp-json\/wp\/v2\/media\/8687"}],"wp:attachment":[{"href":"https:\/\/glamu.com.ua\/es\/wp-json\/wp\/v2\/media?parent=2528"}],"wp:term":[{"taxonomy":"product_brand","embeddable":true,"href":"https:\/\/glamu.com.ua\/es\/wp-json\/wp\/v2\/product_brand?post=2528"},{"taxonomy":"product_cat","embeddable":true,"href":"https:\/\/glamu.com.ua\/es\/wp-json\/wp\/v2\/product_cat?post=2528"},{"taxonomy":"product_tag","embeddable":true,"href":"https:\/\/glamu.com.ua\/es\/wp-json\/wp\/v2\/product_tag?post=2528"}],"curies":[{"name":"wp","href":"https:\/\/api.w.org\/{rel}","templated":true}]}}