{"id":2522,"date":"2025-09-09T12:24:25","date_gmt":"2025-09-09T09:24:25","guid":{"rendered":"https:\/\/glamu.com.ua\/shop\/\u0431\u0435\u0437%20\u043a\u0430\u0442\u0435\u0433\u043e\u0440\u0456\u0457\/maska-dlya-oblychchya-babor-seacreation-the-mask-50-ml\/"},"modified":"2025-11-24T23:38:22","modified_gmt":"2025-11-24T21:38:22","slug":"maska-dlya-oblychchya-babor-seacreation-the-mask-50-ml","status":"publish","type":"product","link":"https:\/\/glamu.com.ua\/es\/tienda\/doglyad-para-oblychchyam\/maska-dlya-oblychchya\/maska-dlya-oblychchya-babor-seacreation-the-mask-50-ml\/","title":{"rendered":"Babor SeaCreation The Mask Mascarilla facial 50 ml"},"content":{"rendered":"<p>Esta lujosa mascarilla premium con el exclusivo Complejo Sea-telligent proporciona un rejuvenecimiento intensivo de la piel, hidrataci\u00f3n y protecci\u00f3n. Los ingredientes activos de las profundidades del oc\u00e9ano -algas, plancton marino y agua termal- ayudan a restaurar las c\u00e9lulas, mejorar la elasticidad y aportar luminosidad. El producto se completa con la prote\u00edna antiedad Glycoc\u00e9ane GP3 y el complejo patentado BABOR thermophilus para energizar la piel.<\/p>","protected":false},"excerpt":{"rendered":"<p>Babor SeaCreation The Mask Mascarilla facial 50 ml<\/p>","protected":false},"featured_media":5015,"comment_status":"closed","ping_status":"closed","template":"","meta":{"_acf_changed":false},"product_brand":[],"product_cat":[82],"product_tag":[],"class_list":{"0":"post-2522","1":"product","2":"type-product","3":"status-publish","4":"has-post-thumbnail","6":"product_cat-maska-dlya-oblychchya","8":"first","9":"instock","10":"purchasable","11":"product-type-simple"},"acf":[],"_links":{"self":[{"href":"https:\/\/glamu.com.ua\/es\/wp-json\/wp\/v2\/product\/2522","targetHints":{"allow":["GET"]}}],"collection":[{"href":"https:\/\/glamu.com.ua\/es\/wp-json\/wp\/v2\/product"}],"about":[{"href":"https:\/\/glamu.com.ua\/es\/wp-json\/wp\/v2\/types\/product"}],"replies":[{"embeddable":true,"href":"https:\/\/glamu.com.ua\/es\/wp-json\/wp\/v2\/comments?post=2522"}],"version-history":[{"count":1,"href":"https:\/\/glamu.com.ua\/es\/wp-json\/wp\/v2\/product\/2522\/revisions"}],"predecessor-version":[{"id":6850,"href":"https:\/\/glamu.com.ua\/es\/wp-json\/wp\/v2\/product\/2522\/revisions\/6850"}],"wp:featuredmedia":[{"embeddable":true,"href":"https:\/\/glamu.com.ua\/es\/wp-json\/wp\/v2\/media\/5015"}],"wp:attachment":[{"href":"https:\/\/glamu.com.ua\/es\/wp-json\/wp\/v2\/media?parent=2522"}],"wp:term":[{"taxonomy":"product_brand","embeddable":true,"href":"https:\/\/glamu.com.ua\/es\/wp-json\/wp\/v2\/product_brand?post=2522"},{"taxonomy":"product_cat","embeddable":true,"href":"https:\/\/glamu.com.ua\/es\/wp-json\/wp\/v2\/product_cat?post=2522"},{"taxonomy":"product_tag","embeddable":true,"href":"https:\/\/glamu.com.ua\/es\/wp-json\/wp\/v2\/product_tag?post=2522"}],"curies":[{"name":"wp","href":"https:\/\/api.w.org\/{rel}","templated":true}]}}