{"id":2519,"date":"2025-09-09T12:24:25","date_gmt":"2025-09-09T09:24:25","guid":{"rendered":"https:\/\/glamu.com.ua\/shop\/\u0431\u0435\u0437%20\u043a\u0430\u0442\u0435\u0433\u043e\u0440\u0456\u0457\/nichna-maska-babor-reversive-pro-youth-over-mask-75-ml\/"},"modified":"2025-10-21T20:26:22","modified_gmt":"2025-10-21T17:26:22","slug":"nichna-maska-babor-reversive-pro-youth-over-mask-75-ml","status":"publish","type":"product","link":"https:\/\/glamu.com.ua\/es\/tienda\/doglyad-para-oblychchyam\/maska-dlya-oblychchya\/nichna-maska-babor-reversive-pro-youth-over-mask-75-ml\/","title":{"rendered":"Babor ReVersive pro youth mascarilla de noche. mascarilla 75 ml"},"content":{"rendered":"<p>Esta mascarilla facial rejuvenecedora de noche est\u00e1 enriquecida con dos tipos de p\u00e9ptidos alisadores de arrugas. El \u00e1cido hialur\u00f3nico aporta humedad y normaliza los niveles de hidrataci\u00f3n. La vitamina E neutraliza los radicales libres causantes del envejecimiento. Tiene efecto lifting: tensa el \u00f3valo facial, minimiza los cambios relacionados con la edad: arrugas, letargo, opacidad, sequedad. Es adecuado para los propietarios de la piel madura que requiere un enfoque especial y la eliminaci\u00f3n de los primeros signos de envejecimiento de la piel.<\/p>","protected":false},"excerpt":{"rendered":"<p>Mascarilla facial rejuvenecedora de noche Babor ReVersive Pro Youth Overnight Mask 75 ml<\/p>","protected":false},"featured_media":4881,"comment_status":"closed","ping_status":"closed","template":"","meta":{"_acf_changed":false},"product_brand":[],"product_cat":[82],"product_tag":[],"class_list":{"0":"post-2519","1":"product","2":"type-product","3":"status-publish","4":"has-post-thumbnail","6":"product_cat-maska-dlya-oblychchya","8":"first","9":"instock","10":"product-type-simple"},"acf":[],"_links":{"self":[{"href":"https:\/\/glamu.com.ua\/es\/wp-json\/wp\/v2\/product\/2519","targetHints":{"allow":["GET"]}}],"collection":[{"href":"https:\/\/glamu.com.ua\/es\/wp-json\/wp\/v2\/product"}],"about":[{"href":"https:\/\/glamu.com.ua\/es\/wp-json\/wp\/v2\/types\/product"}],"replies":[{"embeddable":true,"href":"https:\/\/glamu.com.ua\/es\/wp-json\/wp\/v2\/comments?post=2519"}],"version-history":[{"count":0,"href":"https:\/\/glamu.com.ua\/es\/wp-json\/wp\/v2\/product\/2519\/revisions"}],"wp:featuredmedia":[{"embeddable":true,"href":"https:\/\/glamu.com.ua\/es\/wp-json\/wp\/v2\/media\/4881"}],"wp:attachment":[{"href":"https:\/\/glamu.com.ua\/es\/wp-json\/wp\/v2\/media?parent=2519"}],"wp:term":[{"taxonomy":"product_brand","embeddable":true,"href":"https:\/\/glamu.com.ua\/es\/wp-json\/wp\/v2\/product_brand?post=2519"},{"taxonomy":"product_cat","embeddable":true,"href":"https:\/\/glamu.com.ua\/es\/wp-json\/wp\/v2\/product_cat?post=2519"},{"taxonomy":"product_tag","embeddable":true,"href":"https:\/\/glamu.com.ua\/es\/wp-json\/wp\/v2\/product_tag?post=2519"}],"curies":[{"name":"wp","href":"https:\/\/api.w.org\/{rel}","templated":true}]}}