{"id":2442,"date":"2025-09-09T12:23:59","date_gmt":"2025-09-09T09:23:59","guid":{"rendered":"https:\/\/glamu.com.ua\/shop\/\u0431\u0435\u0437%20\u043a\u0430\u0442\u0435\u0433\u043e\u0440\u0456\u0457\/nabir-inst-freshsmooth-eye-serum-patch-15-ml-patchi-v-metalevomu-kontejneri-bagatorazovi\/"},"modified":"2025-11-24T23:38:26","modified_gmt":"2025-11-24T21:38:26","slug":"nabir-inst-freshsmooth-suero-para-ojos-parche-15-ml-parche-en-envase-metalico-bagatorazov","status":"publish","type":"product","link":"https:\/\/glamu.com.ua\/es\/tienda\/doglyad-para-oblychchyam\/syrovatka-dlya-oblychchya\/nabir-inst-freshsmooth-suero-para-ojos-parche-15-ml-parche-en-envase-metalico-bagatorazov\/","title":{"rendered":"Set Inst Fresh&amp;Smooth Eye Serum + Parche 15 ml + parches reutilizables en envase met\u00e1lico"},"content":{"rendered":"<p>Los parches oculares de silicona Re-Use, fabricados con silicona de grado m\u00e9dico 100% de alta calidad, han sido especialmente dise\u00f1ados para su uso con Fresh &amp; Smooth Eye Serum. Los parches Re-Use Silicone Eye Patches son reutilizables, se sienten como una segunda capa de piel y potencian el poder del s\u00e9rum para ojos.<\/p>","protected":false},"excerpt":{"rendered":"<p>Doctor Babor Fresh &amp; Smooth Contorno de ojos Serum + Parches 15 ml<\/p>","protected":false},"featured_media":4676,"comment_status":"closed","ping_status":"closed","template":"","meta":{"_acf_changed":false},"product_brand":[],"product_cat":[83],"product_tag":[],"class_list":{"0":"post-2442","1":"product","2":"type-product","3":"status-publish","4":"has-post-thumbnail","6":"product_cat-syrovatka-dlya-oblychchya","8":"first","9":"instock","10":"purchasable","11":"product-type-simple"},"acf":[],"_links":{"self":[{"href":"https:\/\/glamu.com.ua\/es\/wp-json\/wp\/v2\/product\/2442","targetHints":{"allow":["GET"]}}],"collection":[{"href":"https:\/\/glamu.com.ua\/es\/wp-json\/wp\/v2\/product"}],"about":[{"href":"https:\/\/glamu.com.ua\/es\/wp-json\/wp\/v2\/types\/product"}],"replies":[{"embeddable":true,"href":"https:\/\/glamu.com.ua\/es\/wp-json\/wp\/v2\/comments?post=2442"}],"version-history":[{"count":1,"href":"https:\/\/glamu.com.ua\/es\/wp-json\/wp\/v2\/product\/2442\/revisions"}],"predecessor-version":[{"id":6863,"href":"https:\/\/glamu.com.ua\/es\/wp-json\/wp\/v2\/product\/2442\/revisions\/6863"}],"wp:featuredmedia":[{"embeddable":true,"href":"https:\/\/glamu.com.ua\/es\/wp-json\/wp\/v2\/media\/4676"}],"wp:attachment":[{"href":"https:\/\/glamu.com.ua\/es\/wp-json\/wp\/v2\/media?parent=2442"}],"wp:term":[{"taxonomy":"product_brand","embeddable":true,"href":"https:\/\/glamu.com.ua\/es\/wp-json\/wp\/v2\/product_brand?post=2442"},{"taxonomy":"product_cat","embeddable":true,"href":"https:\/\/glamu.com.ua\/es\/wp-json\/wp\/v2\/product_cat?post=2442"},{"taxonomy":"product_tag","embeddable":true,"href":"https:\/\/glamu.com.ua\/es\/wp-json\/wp\/v2\/product_tag?post=2442"}],"curies":[{"name":"wp","href":"https:\/\/api.w.org\/{rel}","templated":true}]}}