{"id":2439,"date":"2025-09-09T12:23:59","date_gmt":"2025-09-09T09:23:59","guid":{"rendered":"https:\/\/glamu.com.ua\/shop\/\u0431\u0435\u0437%20\u043a\u0430\u0442\u0435\u0433\u043e\u0440\u0456\u0457\/osvizhayucha-syrovatka-dlya-konturu-ochej-babor-instant-fresh-smooth-eye-serum-15-ml\/"},"modified":"2025-11-24T23:38:26","modified_gmt":"2025-11-24T21:38:26","slug":"osvizhayucha-syrovatka-dlya-konturu-ochej-babor-instant-fresh-smooth-eye-serum-15-ml","status":"publish","type":"product","link":"https:\/\/glamu.com.ua\/es\/tienda\/doglyad-para-oblychchyam\/syrovatka-dlya-oblychchya\/osvizhayucha-syrovatka-dlya-konturu-ochej-babor-instant-fresh-smooth-eye-serum-15-ml\/","title":{"rendered":"Suero refrescante para el contorno de ojos Babor Instant Fresh &amp; Smooth Eye Serum 15 ml"},"content":{"rendered":"<p>S\u00e9rum contorno de ojos para una piel fresca, renovada y alisada al instante. El aloe vera alivia la tensi\u00f3n y ayuda a calmar y regenerar la piel. El \u00e1cido hialur\u00f3nico hidratante en combinaci\u00f3n con el \u00e1cido poliglut\u00e1mico proporciona un efecto hidratante adicional y hace que la piel parezca m\u00e1s firme.<\/p>","protected":false},"excerpt":{"rendered":"<p>Doctor Babor Serum Contorno de Ojos Instant Fresh &amp; Smooth 15 ml<\/p>","protected":false},"featured_media":4683,"comment_status":"closed","ping_status":"closed","template":"","meta":{"_acf_changed":false},"product_brand":[],"product_cat":[83],"product_tag":[],"class_list":{"0":"post-2439","1":"product","2":"type-product","3":"status-publish","4":"has-post-thumbnail","6":"product_cat-syrovatka-dlya-oblychchya","8":"first","9":"instock","10":"purchasable","11":"product-type-simple"},"acf":[],"_links":{"self":[{"href":"https:\/\/glamu.com.ua\/es\/wp-json\/wp\/v2\/product\/2439","targetHints":{"allow":["GET"]}}],"collection":[{"href":"https:\/\/glamu.com.ua\/es\/wp-json\/wp\/v2\/product"}],"about":[{"href":"https:\/\/glamu.com.ua\/es\/wp-json\/wp\/v2\/types\/product"}],"replies":[{"embeddable":true,"href":"https:\/\/glamu.com.ua\/es\/wp-json\/wp\/v2\/comments?post=2439"}],"version-history":[{"count":1,"href":"https:\/\/glamu.com.ua\/es\/wp-json\/wp\/v2\/product\/2439\/revisions"}],"predecessor-version":[{"id":6864,"href":"https:\/\/glamu.com.ua\/es\/wp-json\/wp\/v2\/product\/2439\/revisions\/6864"}],"wp:featuredmedia":[{"embeddable":true,"href":"https:\/\/glamu.com.ua\/es\/wp-json\/wp\/v2\/media\/4683"}],"wp:attachment":[{"href":"https:\/\/glamu.com.ua\/es\/wp-json\/wp\/v2\/media?parent=2439"}],"wp:term":[{"taxonomy":"product_brand","embeddable":true,"href":"https:\/\/glamu.com.ua\/es\/wp-json\/wp\/v2\/product_brand?post=2439"},{"taxonomy":"product_cat","embeddable":true,"href":"https:\/\/glamu.com.ua\/es\/wp-json\/wp\/v2\/product_cat?post=2439"},{"taxonomy":"product_tag","embeddable":true,"href":"https:\/\/glamu.com.ua\/es\/wp-json\/wp\/v2\/product_tag?post=2439"}],"curies":[{"name":"wp","href":"https:\/\/api.w.org\/{rel}","templated":true}]}}