{"id":2428,"date":"2025-09-09T12:23:30","date_gmt":"2025-09-09T09:23:30","guid":{"rendered":"https:\/\/glamu.com.ua\/shop\/\u0431\u0435\u0437%20\u043a\u0430\u0442\u0435\u0433\u043e\u0440\u0456\u0457\/babor-skinovage-moisturizing-lipid-rich-cream-50ml\/"},"modified":"2026-03-21T05:23:40","modified_gmt":"2026-03-21T03:23:40","slug":"babor-skinovage-crema-hidratante-rica-en-lipidos-50ml","status":"publish","type":"product","link":"https:\/\/glamu.com.ua\/es\/tienda\/doglyad-para-oblychchyam\/crema\/krem-dlya-oblychchya\/babor-skinovage-crema-hidratante-rica-en-lipidos-50ml\/","title":{"rendered":"Babor Skinovage Crema Hidratante y Rica en L\u00edpidos 50ml"},"content":{"rendered":"<p>La crema hidratante normaliza el equilibrio hidrolip\u00eddico y restaura la capacidad natural de retenci\u00f3n de humedad de la piel; el complejo DEEP MOIST en combinaci\u00f3n con el \u00e1cido hialur\u00f3nico hidrata en profundidad, mejora la textura y alisa el microrrelieve de la epidermis;<\/p>","protected":false},"excerpt":{"rendered":"<p>Babor Skinovage Crema Hidratante y Rica en L\u00edpidos 50ml<\/p>","protected":false},"featured_media":8310,"comment_status":"closed","ping_status":"closed","template":"","meta":{"_acf_changed":false},"product_brand":[],"product_cat":[79],"product_tag":[],"class_list":{"0":"post-2428","1":"product","2":"type-product","3":"status-publish","4":"has-post-thumbnail","6":"product_cat-krem-dlya-oblychchya","8":"first","9":"instock","10":"purchasable","11":"product-type-simple"},"acf":[],"_links":{"self":[{"href":"https:\/\/glamu.com.ua\/es\/wp-json\/wp\/v2\/product\/2428","targetHints":{"allow":["GET"]}}],"collection":[{"href":"https:\/\/glamu.com.ua\/es\/wp-json\/wp\/v2\/product"}],"about":[{"href":"https:\/\/glamu.com.ua\/es\/wp-json\/wp\/v2\/types\/product"}],"replies":[{"embeddable":true,"href":"https:\/\/glamu.com.ua\/es\/wp-json\/wp\/v2\/comments?post=2428"}],"version-history":[{"count":2,"href":"https:\/\/glamu.com.ua\/es\/wp-json\/wp\/v2\/product\/2428\/revisions"}],"predecessor-version":[{"id":9301,"href":"https:\/\/glamu.com.ua\/es\/wp-json\/wp\/v2\/product\/2428\/revisions\/9301"}],"wp:featuredmedia":[{"embeddable":true,"href":"https:\/\/glamu.com.ua\/es\/wp-json\/wp\/v2\/media\/8310"}],"wp:attachment":[{"href":"https:\/\/glamu.com.ua\/es\/wp-json\/wp\/v2\/media?parent=2428"}],"wp:term":[{"taxonomy":"product_brand","embeddable":true,"href":"https:\/\/glamu.com.ua\/es\/wp-json\/wp\/v2\/product_brand?post=2428"},{"taxonomy":"product_cat","embeddable":true,"href":"https:\/\/glamu.com.ua\/es\/wp-json\/wp\/v2\/product_cat?post=2428"},{"taxonomy":"product_tag","embeddable":true,"href":"https:\/\/glamu.com.ua\/es\/wp-json\/wp\/v2\/product_tag?post=2428"}],"curies":[{"name":"wp","href":"https:\/\/api.w.org\/{rel}","templated":true}]}}