{"id":2425,"date":"2025-09-09T12:23:30","date_gmt":"2025-09-09T09:23:30","guid":{"rendered":"https:\/\/glamu.com.ua\/shop\/\u0431\u0435\u0437%20\u043a\u0430\u0442\u0435\u0433\u043e\u0440\u0456\u0457\/babor-skinovage-moisturizing-foam-mask-75ml\/"},"modified":"2026-03-21T05:24:25","modified_gmt":"2026-03-21T03:24:25","slug":"babor-skinovage-mascarilla-de-espuma-hidratante-75ml","status":"publish","type":"product","link":"https:\/\/glamu.com.ua\/es\/tienda\/doglyad-para-oblychchyam\/maska-dlya-oblychchya\/babor-skinovage-mascarilla-de-espuma-hidratante-75ml\/","title":{"rendered":"Babor Skinovage Mascarilla Espuma Hidratante 75ml"},"content":{"rendered":"<p>La exclusiva mascarilla de espuma proporciona a la piel una sensaci\u00f3n de nutrici\u00f3n intensa y refuerza la barrera protectora natural de la piel. Al proporcionar a la piel valiosos l\u00edpidos, hidratar intensamente y ayudar a retener la humedad en la piel, las arrugas causadas por la sequedad se reducen visiblemente.<\/p>","protected":false},"excerpt":{"rendered":"<p>Babor Mascarilla Espuma Hidratante 75 ml para cara y cuerpo<\/p>","protected":false},"featured_media":8312,"comment_status":"closed","ping_status":"closed","template":"","meta":{"_acf_changed":false},"product_brand":[],"product_cat":[82],"product_tag":[],"class_list":{"0":"post-2425","1":"product","2":"type-product","3":"status-publish","4":"has-post-thumbnail","6":"product_cat-maska-dlya-oblychchya","8":"first","9":"instock","10":"purchasable","11":"product-type-simple"},"acf":[],"_links":{"self":[{"href":"https:\/\/glamu.com.ua\/es\/wp-json\/wp\/v2\/product\/2425","targetHints":{"allow":["GET"]}}],"collection":[{"href":"https:\/\/glamu.com.ua\/es\/wp-json\/wp\/v2\/product"}],"about":[{"href":"https:\/\/glamu.com.ua\/es\/wp-json\/wp\/v2\/types\/product"}],"replies":[{"embeddable":true,"href":"https:\/\/glamu.com.ua\/es\/wp-json\/wp\/v2\/comments?post=2425"}],"version-history":[{"count":1,"href":"https:\/\/glamu.com.ua\/es\/wp-json\/wp\/v2\/product\/2425\/revisions"}],"predecessor-version":[{"id":6862,"href":"https:\/\/glamu.com.ua\/es\/wp-json\/wp\/v2\/product\/2425\/revisions\/6862"}],"wp:featuredmedia":[{"embeddable":true,"href":"https:\/\/glamu.com.ua\/es\/wp-json\/wp\/v2\/media\/8312"}],"wp:attachment":[{"href":"https:\/\/glamu.com.ua\/es\/wp-json\/wp\/v2\/media?parent=2425"}],"wp:term":[{"taxonomy":"product_brand","embeddable":true,"href":"https:\/\/glamu.com.ua\/es\/wp-json\/wp\/v2\/product_brand?post=2425"},{"taxonomy":"product_cat","embeddable":true,"href":"https:\/\/glamu.com.ua\/es\/wp-json\/wp\/v2\/product_cat?post=2425"},{"taxonomy":"product_tag","embeddable":true,"href":"https:\/\/glamu.com.ua\/es\/wp-json\/wp\/v2\/product_tag?post=2425"}],"curies":[{"name":"wp","href":"https:\/\/api.w.org\/{rel}","templated":true}]}}