{"id":2422,"date":"2025-09-09T12:23:30","date_gmt":"2025-09-09T09:23:30","guid":{"rendered":"https:\/\/glamu.com.ua\/shop\/\u0431\u0435\u0437%20\u043a\u0430\u0442\u0435\u0433\u043e\u0440\u0456\u0457\/balzam-stik-dlya-gub-babor-skinovage-classic-lip-balm-12h4g-dysplej\/"},"modified":"2025-11-24T23:38:31","modified_gmt":"2025-11-24T21:38:31","slug":"balzam-stik-dlya-gub-babor-skinovage-classic-lip-balm-12h4g-dysplej","status":"publish","type":"product","link":"https:\/\/glamu.com.ua\/es\/tienda\/doglyad-para-oblychchyam\/balzam-dlya-gub\/balzam-stik-dlya-gub-babor-skinovage-classic-lip-balm-12h4g-dysplej\/","title":{"rendered":"Babor Skinovage B\u00e1lsamo Labial Cl\u00e1sico 12x4g + expositor"},"content":{"rendered":"<p>Un b\u00e1lsamo labial que proporciona flexibilidad, suavidad e hidrataci\u00f3n, elaborado con ingredientes naturales 100%. La combinaci\u00f3n de manteca de karit\u00e9, manteca de cacao y valiosos aceites de jojoba, coco, ricino y girasol proporciona a los labios tensos y \u00e1speros valiosos nutrientes a la vez que los protege de la sequedad.<\/p>","protected":false},"excerpt":{"rendered":"<p>Babor Skinovage B\u00e1lsamo Labial 12 x 4 g<\/p>","protected":false},"featured_media":5201,"comment_status":"closed","ping_status":"closed","template":"","meta":{"_acf_changed":false},"product_brand":[],"product_cat":[208],"product_tag":[],"class_list":{"0":"post-2422","1":"product","2":"type-product","3":"status-publish","4":"has-post-thumbnail","6":"product_cat-balzam-dlya-gub","8":"first","9":"instock","10":"purchasable","11":"product-type-simple"},"acf":[],"_links":{"self":[{"href":"https:\/\/glamu.com.ua\/es\/wp-json\/wp\/v2\/product\/2422","targetHints":{"allow":["GET"]}}],"collection":[{"href":"https:\/\/glamu.com.ua\/es\/wp-json\/wp\/v2\/product"}],"about":[{"href":"https:\/\/glamu.com.ua\/es\/wp-json\/wp\/v2\/types\/product"}],"replies":[{"embeddable":true,"href":"https:\/\/glamu.com.ua\/es\/wp-json\/wp\/v2\/comments?post=2422"}],"version-history":[{"count":1,"href":"https:\/\/glamu.com.ua\/es\/wp-json\/wp\/v2\/product\/2422\/revisions"}],"predecessor-version":[{"id":6885,"href":"https:\/\/glamu.com.ua\/es\/wp-json\/wp\/v2\/product\/2422\/revisions\/6885"}],"wp:featuredmedia":[{"embeddable":true,"href":"https:\/\/glamu.com.ua\/es\/wp-json\/wp\/v2\/media\/5201"}],"wp:attachment":[{"href":"https:\/\/glamu.com.ua\/es\/wp-json\/wp\/v2\/media?parent=2422"}],"wp:term":[{"taxonomy":"product_brand","embeddable":true,"href":"https:\/\/glamu.com.ua\/es\/wp-json\/wp\/v2\/product_brand?post=2422"},{"taxonomy":"product_cat","embeddable":true,"href":"https:\/\/glamu.com.ua\/es\/wp-json\/wp\/v2\/product_cat?post=2422"},{"taxonomy":"product_tag","embeddable":true,"href":"https:\/\/glamu.com.ua\/es\/wp-json\/wp\/v2\/product_tag?post=2422"}],"curies":[{"name":"wp","href":"https:\/\/api.w.org\/{rel}","templated":true}]}}