{"id":2380,"date":"2025-09-09T12:23:30","date_gmt":"2025-09-09T09:23:30","guid":{"rendered":"https:\/\/glamu.com.ua\/shop\/\u0431\u0435\u0437%20\u043a\u0430\u0442\u0435\u0433\u043e\u0440\u0456\u0457\/babor-ampoule-serum-concentrates-lift-express-7x2ml\/"},"modified":"2026-03-31T04:12:30","modified_gmt":"2026-03-31T01:12:30","slug":"babor-ampolla-suero-concentrado-lift-express-7x2ml","status":"publish","type":"product","link":"https:\/\/glamu.com.ua\/es\/tienda\/doglyad-para-oblychchyam\/ampuly-dlya-oblychchya\/babor-ampolla-suero-concentrado-lift-express-7x2ml\/","title":{"rendered":"Babor Ampolla Suero Concentrado Lift Express 7x2ml"},"content":{"rendered":"<p>Un concentrado activo para la correcci\u00f3n instant\u00e1nea de las arrugas. Los complejos \u00fanicos que utilizan extractos de c\u00e9lulas madre vegetales e ingredientes sintetizados, tecnolog\u00edas patentadas y complejos innovadores le ayudar\u00e1n a conseguir un efecto r\u00e1pido y duradero sin procedimientos dolorosos.<\/p>","protected":false},"excerpt":{"rendered":"<p>Babor Ampollas Concentradas Lift Express 7x2 ml Ampollas faciales \u201cLifting expr\u00e9s<\/p>","protected":false},"featured_media":9255,"comment_status":"closed","ping_status":"closed","template":"","meta":{"_acf_changed":false},"product_brand":[],"product_cat":[102],"product_tag":[],"class_list":{"0":"post-2380","1":"product","2":"type-product","3":"status-publish","4":"has-post-thumbnail","6":"product_cat-ampuly-dlya-oblychchya","8":"first","9":"instock","10":"purchasable","11":"product-type-simple"},"acf":[],"_links":{"self":[{"href":"https:\/\/glamu.com.ua\/es\/wp-json\/wp\/v2\/product\/2380","targetHints":{"allow":["GET"]}}],"collection":[{"href":"https:\/\/glamu.com.ua\/es\/wp-json\/wp\/v2\/product"}],"about":[{"href":"https:\/\/glamu.com.ua\/es\/wp-json\/wp\/v2\/types\/product"}],"replies":[{"embeddable":true,"href":"https:\/\/glamu.com.ua\/es\/wp-json\/wp\/v2\/comments?post=2380"}],"version-history":[{"count":1,"href":"https:\/\/glamu.com.ua\/es\/wp-json\/wp\/v2\/product\/2380\/revisions"}],"predecessor-version":[{"id":6888,"href":"https:\/\/glamu.com.ua\/es\/wp-json\/wp\/v2\/product\/2380\/revisions\/6888"}],"wp:featuredmedia":[{"embeddable":true,"href":"https:\/\/glamu.com.ua\/es\/wp-json\/wp\/v2\/media\/9255"}],"wp:attachment":[{"href":"https:\/\/glamu.com.ua\/es\/wp-json\/wp\/v2\/media?parent=2380"}],"wp:term":[{"taxonomy":"product_brand","embeddable":true,"href":"https:\/\/glamu.com.ua\/es\/wp-json\/wp\/v2\/product_brand?post=2380"},{"taxonomy":"product_cat","embeddable":true,"href":"https:\/\/glamu.com.ua\/es\/wp-json\/wp\/v2\/product_cat?post=2380"},{"taxonomy":"product_tag","embeddable":true,"href":"https:\/\/glamu.com.ua\/es\/wp-json\/wp\/v2\/product_tag?post=2380"}],"curies":[{"name":"wp","href":"https:\/\/api.w.org\/{rel}","templated":true}]}}