{"id":2362,"date":"2025-09-09T12:23:03","date_gmt":"2025-09-09T09:23:03","guid":{"rendered":"https:\/\/glamu.com.ua\/shop\/\u0431\u0435\u0437%20\u043a\u0430\u0442\u0435\u0433\u043e\u0440\u0456\u0457\/babor-ampoule-serum-concentrates-hydra-plus-7x2ml\/"},"modified":"2026-03-31T04:11:46","modified_gmt":"2026-03-31T01:11:46","slug":"babor-ampolla-suero-concentrado-hydra-plus-7x2ml","status":"publish","type":"product","link":"https:\/\/glamu.com.ua\/es\/tienda\/doglyad-para-oblychchyam\/ampuly-dlya-oblychchya\/babor-ampolla-suero-concentrado-hydra-plus-7x2ml\/","title":{"rendered":"Babor Ampolla Suero Concentrado Hydra Plus 7x2ml"},"content":{"rendered":"<p>Revitaliza al instante la piel apagada, con elasticidad reducida y tono desigual. La f\u00f3rmula se basa en \u00e1cido hialur\u00f3nico de bajo peso molecular, que penetra profundamente en la piel para proporcionar una hidrataci\u00f3n intensiva y rellenar las l\u00edneas finas y las arrugas desde el interior. Disponible en formato de ampolla, el producto tiene una consistencia ligera y agradable, que permite que la piel absorba r\u00e1pidamente todos los ingredientes beneficiosos.<\/p>","protected":false},"excerpt":{"rendered":"<p>Babor Ampollas Concentradas Hydra Plus 7\u00d72 ml ampollas faciales hidratantes<\/p>","protected":false},"featured_media":9253,"comment_status":"closed","ping_status":"closed","template":"","meta":{"_acf_changed":false},"product_brand":[],"product_cat":[102],"product_tag":[],"class_list":{"0":"post-2362","1":"product","2":"type-product","3":"status-publish","4":"has-post-thumbnail","6":"product_cat-ampuly-dlya-oblychchya","8":"first","9":"instock","10":"purchasable","11":"product-type-simple"},"acf":[],"_links":{"self":[{"href":"https:\/\/glamu.com.ua\/es\/wp-json\/wp\/v2\/product\/2362","targetHints":{"allow":["GET"]}}],"collection":[{"href":"https:\/\/glamu.com.ua\/es\/wp-json\/wp\/v2\/product"}],"about":[{"href":"https:\/\/glamu.com.ua\/es\/wp-json\/wp\/v2\/types\/product"}],"replies":[{"embeddable":true,"href":"https:\/\/glamu.com.ua\/es\/wp-json\/wp\/v2\/comments?post=2362"}],"version-history":[{"count":1,"href":"https:\/\/glamu.com.ua\/es\/wp-json\/wp\/v2\/product\/2362\/revisions"}],"predecessor-version":[{"id":6886,"href":"https:\/\/glamu.com.ua\/es\/wp-json\/wp\/v2\/product\/2362\/revisions\/6886"}],"wp:featuredmedia":[{"embeddable":true,"href":"https:\/\/glamu.com.ua\/es\/wp-json\/wp\/v2\/media\/9253"}],"wp:attachment":[{"href":"https:\/\/glamu.com.ua\/es\/wp-json\/wp\/v2\/media?parent=2362"}],"wp:term":[{"taxonomy":"product_brand","embeddable":true,"href":"https:\/\/glamu.com.ua\/es\/wp-json\/wp\/v2\/product_brand?post=2362"},{"taxonomy":"product_cat","embeddable":true,"href":"https:\/\/glamu.com.ua\/es\/wp-json\/wp\/v2\/product_cat?post=2362"},{"taxonomy":"product_tag","embeddable":true,"href":"https:\/\/glamu.com.ua\/es\/wp-json\/wp\/v2\/product_tag?post=2362"}],"curies":[{"name":"wp","href":"https:\/\/api.w.org\/{rel}","templated":true}]}}