{"id":2356,"date":"2025-09-09T12:23:03","date_gmt":"2025-09-09T09:23:03","guid":{"rendered":"https:\/\/glamu.com.ua\/shop\/\u0431\u0435\u0437%20\u043a\u0430\u0442\u0435\u0433\u043e\u0440\u0456\u0457\/babor-ampoule-serum-concentrates-algae-vitalizer-7x2ml\/"},"modified":"2026-03-31T04:10:21","modified_gmt":"2026-03-31T01:10:21","slug":"babor-ampolla-suero-concentrado-algas-vitalizante-7x2ml","status":"publish","type":"product","link":"https:\/\/glamu.com.ua\/es\/tienda\/doglyad-para-oblychchyam\/ampuly-dlya-oblychchya\/babor-ampolla-suero-concentrado-algas-vitalizante-7x2ml\/","title":{"rendered":"Babor Ampolla Suero Concentrado Vitalizador de Algas 7x2ml"},"content":{"rendered":"<p>Los ingredientes activos del Vitalizador de Algas, elaborados a partir de extractos de plancton y algas verdes, proporcionan una hidrataci\u00f3n intensiva, reparan y reducen la profundidad de las arrugas con el uso regular. El ingrediente activo probi\u00f3tico apoya el microbioma de la piel y refuerza la barrera cut\u00e1nea.<\/p>","protected":false},"excerpt":{"rendered":"<p>Babor Ampollas Concentradas Vitalizador de Algas 7x2 ml<\/p>","protected":false},"featured_media":9248,"comment_status":"closed","ping_status":"closed","template":"","meta":{"_acf_changed":false},"product_brand":[],"product_cat":[102],"product_tag":[],"class_list":{"0":"post-2356","1":"product","2":"type-product","3":"status-publish","4":"has-post-thumbnail","6":"product_cat-ampuly-dlya-oblychchya","8":"first","9":"instock","10":"purchasable","11":"product-type-simple"},"acf":[],"_links":{"self":[{"href":"https:\/\/glamu.com.ua\/es\/wp-json\/wp\/v2\/product\/2356","targetHints":{"allow":["GET"]}}],"collection":[{"href":"https:\/\/glamu.com.ua\/es\/wp-json\/wp\/v2\/product"}],"about":[{"href":"https:\/\/glamu.com.ua\/es\/wp-json\/wp\/v2\/types\/product"}],"replies":[{"embeddable":true,"href":"https:\/\/glamu.com.ua\/es\/wp-json\/wp\/v2\/comments?post=2356"}],"version-history":[{"count":1,"href":"https:\/\/glamu.com.ua\/es\/wp-json\/wp\/v2\/product\/2356\/revisions"}],"predecessor-version":[{"id":6894,"href":"https:\/\/glamu.com.ua\/es\/wp-json\/wp\/v2\/product\/2356\/revisions\/6894"}],"wp:featuredmedia":[{"embeddable":true,"href":"https:\/\/glamu.com.ua\/es\/wp-json\/wp\/v2\/media\/9248"}],"wp:attachment":[{"href":"https:\/\/glamu.com.ua\/es\/wp-json\/wp\/v2\/media?parent=2356"}],"wp:term":[{"taxonomy":"product_brand","embeddable":true,"href":"https:\/\/glamu.com.ua\/es\/wp-json\/wp\/v2\/product_brand?post=2356"},{"taxonomy":"product_cat","embeddable":true,"href":"https:\/\/glamu.com.ua\/es\/wp-json\/wp\/v2\/product_cat?post=2356"},{"taxonomy":"product_tag","embeddable":true,"href":"https:\/\/glamu.com.ua\/es\/wp-json\/wp\/v2\/product_tag?post=2356"}],"curies":[{"name":"wp","href":"https:\/\/api.w.org\/{rel}","templated":true}]}}