{"id":2320,"date":"2025-09-09T12:23:03","date_gmt":"2025-09-09T09:23:03","guid":{"rendered":"https:\/\/glamu.com.ua\/shop\/\u0431\u0435\u0437%20\u043a\u0430\u0442\u0435\u0433\u043e\u0440\u0456\u0457\/olivecz-tini-dlya-ochej-babor-eye-shadow-pencil-dark-brown-2gr\/"},"modified":"2026-03-25T20:35:59","modified_gmt":"2026-03-25T18:35:59","slug":"olivecz-tini-dlya-ochej-babor-eye-shadow-pencil-dark-brown-2gr","status":"publish","type":"product","link":"https:\/\/glamu.com.ua\/es\/tienda\/makiyazh\/tonalna-osnova\/olivecz-tini-dlya-ochej-babor-eye-shadow-pencil-dark-brown-2gr\/","title":{"rendered":"BABOR L\u00e1piz Sombra Ojos Marr\u00f3n Oscuro 2gr"},"content":{"rendered":"<p>El L\u00e1piz de Contorno de Ojos de Babor est\u00e1 especialmente dise\u00f1ado para realzar sus ojos. Gracias a su textura cremosa y altamente pigmentada, basta con un trazo suave para dibujar una l\u00ednea precisa.<\/p>","protected":false},"excerpt":{"rendered":"<p>Babor L\u00e1piz Contorno de Ojos Marr\u00f3n Oscuro 2 g<\/p>","protected":false},"featured_media":8806,"comment_status":"closed","ping_status":"closed","template":"","meta":{"_acf_changed":false},"product_brand":[],"product_cat":[743,174],"product_tag":[],"class_list":{"0":"post-2320","1":"product","2":"type-product","3":"status-publish","4":"has-post-thumbnail","6":"product_cat-makiyazh","7":"product_cat-tonalna-osnova","9":"first","10":"instock","11":"purchasable","12":"product-type-simple"},"acf":[],"_links":{"self":[{"href":"https:\/\/glamu.com.ua\/es\/wp-json\/wp\/v2\/product\/2320","targetHints":{"allow":["GET"]}}],"collection":[{"href":"https:\/\/glamu.com.ua\/es\/wp-json\/wp\/v2\/product"}],"about":[{"href":"https:\/\/glamu.com.ua\/es\/wp-json\/wp\/v2\/types\/product"}],"replies":[{"embeddable":true,"href":"https:\/\/glamu.com.ua\/es\/wp-json\/wp\/v2\/comments?post=2320"}],"version-history":[{"count":1,"href":"https:\/\/glamu.com.ua\/es\/wp-json\/wp\/v2\/product\/2320\/revisions"}],"predecessor-version":[{"id":6972,"href":"https:\/\/glamu.com.ua\/es\/wp-json\/wp\/v2\/product\/2320\/revisions\/6972"}],"wp:featuredmedia":[{"embeddable":true,"href":"https:\/\/glamu.com.ua\/es\/wp-json\/wp\/v2\/media\/8806"}],"wp:attachment":[{"href":"https:\/\/glamu.com.ua\/es\/wp-json\/wp\/v2\/media?parent=2320"}],"wp:term":[{"taxonomy":"product_brand","embeddable":true,"href":"https:\/\/glamu.com.ua\/es\/wp-json\/wp\/v2\/product_brand?post=2320"},{"taxonomy":"product_cat","embeddable":true,"href":"https:\/\/glamu.com.ua\/es\/wp-json\/wp\/v2\/product_cat?post=2320"},{"taxonomy":"product_tag","embeddable":true,"href":"https:\/\/glamu.com.ua\/es\/wp-json\/wp\/v2\/product_tag?post=2320"}],"curies":[{"name":"wp","href":"https:\/\/api.w.org\/{rel}","templated":true}]}}