{"id":2301,"date":"2025-09-09T12:22:40","date_gmt":"2025-09-09T09:22:40","guid":{"rendered":"https:\/\/glamu.com.ua\/shop\/\u0431\u0435\u0437%20\u043a\u0430\u0442\u0435\u0433\u043e\u0440\u0456\u0457\/babor-soul-body-shimmer-oil-grounding-100-ml\/"},"modified":"2026-03-29T19:47:57","modified_gmt":"2026-03-29T16:47:57","slug":"babor-soul-body-shimmer-oil-primer-100-ml","status":"publish","type":"product","link":"https:\/\/glamu.com.ua\/es\/tienda\/doglyad-za-tilom\/zvolozhennya-tila\/oliya-dlya-tila\/babor-soul-body-shimmer-oil-primer-100-ml\/","title":{"rendered":"Babor Soul &amp; Body Shimmer Aceite Grounding 100 ml"},"content":{"rendered":"<p>El aceite proporciona un agradable momento de relajaci\u00f3n calmante al cuerpo y los sentidos. Envuelto en valiosos nutrientes, los aceites combinan las part\u00edculas radiantes con la piel para crear un color naturalmente bello. Una c\u00e1lida y elegante fragancia de base con preciosos aceites esenciales armonizan, enra\u00edzan y favorecen el equilibrio interior para un momento especial de cuidado corporal.<\/p>","protected":false},"excerpt":{"rendered":"<p>Aceite corporal resplandeciente Babor Soul &amp; Body Shimmer Oil 100 ml<\/p>","protected":false},"featured_media":8879,"comment_status":"closed","ping_status":"closed","template":"","meta":{"_acf_changed":false},"product_brand":[],"product_cat":[163],"product_tag":[],"class_list":{"0":"post-2301","1":"product","2":"type-product","3":"status-publish","4":"has-post-thumbnail","6":"product_cat-oliya-dlya-tila","8":"first","9":"instock","10":"purchasable","11":"product-type-simple"},"acf":[],"_links":{"self":[{"href":"https:\/\/glamu.com.ua\/es\/wp-json\/wp\/v2\/product\/2301","targetHints":{"allow":["GET"]}}],"collection":[{"href":"https:\/\/glamu.com.ua\/es\/wp-json\/wp\/v2\/product"}],"about":[{"href":"https:\/\/glamu.com.ua\/es\/wp-json\/wp\/v2\/types\/product"}],"replies":[{"embeddable":true,"href":"https:\/\/glamu.com.ua\/es\/wp-json\/wp\/v2\/comments?post=2301"}],"version-history":[{"count":1,"href":"https:\/\/glamu.com.ua\/es\/wp-json\/wp\/v2\/product\/2301\/revisions"}],"predecessor-version":[{"id":6966,"href":"https:\/\/glamu.com.ua\/es\/wp-json\/wp\/v2\/product\/2301\/revisions\/6966"}],"wp:featuredmedia":[{"embeddable":true,"href":"https:\/\/glamu.com.ua\/es\/wp-json\/wp\/v2\/media\/8879"}],"wp:attachment":[{"href":"https:\/\/glamu.com.ua\/es\/wp-json\/wp\/v2\/media?parent=2301"}],"wp:term":[{"taxonomy":"product_brand","embeddable":true,"href":"https:\/\/glamu.com.ua\/es\/wp-json\/wp\/v2\/product_brand?post=2301"},{"taxonomy":"product_cat","embeddable":true,"href":"https:\/\/glamu.com.ua\/es\/wp-json\/wp\/v2\/product_cat?post=2301"},{"taxonomy":"product_tag","embeddable":true,"href":"https:\/\/glamu.com.ua\/es\/wp-json\/wp\/v2\/product_tag?post=2301"}],"curies":[{"name":"wp","href":"https:\/\/api.w.org\/{rel}","templated":true}]}}