{"id":2289,"date":"2025-09-09T12:22:40","date_gmt":"2025-09-09T09:22:40","guid":{"rendered":"https:\/\/glamu.com.ua\/shop\/\u0431\u0435\u0437%20\u043a\u0430\u0442\u0435\u0433\u043e\u0440\u0456\u0457\/babor-spa-energizing-hand-body-wash-200ml\/"},"modified":"2026-03-29T22:07:30","modified_gmt":"2026-03-29T19:07:30","slug":"babor-spa-gel-energizante-para-manos-y-cuerpo-200ml","status":"publish","type":"product","link":"https:\/\/glamu.com.ua\/es\/tienda\/doglyad-za-tilom\/zvolozhennya-tila\/krem-dlya-tila\/babor-spa-gel-energizante-para-manos-y-cuerpo-200ml\/","title":{"rendered":"Babor SPA Gel Limpiador Energizante 200ml"},"content":{"rendered":"<p>Un gel tonificante y refrescante para manos y cuerpo con valiosos ingredientes naturales. La nueva composici\u00f3n de su fragancia le proporcionar\u00e1 un aut\u00e9ntico chute de energ\u00eda. Una f\u00f3rmula suave con un exclusivo extracto de c\u00e9lulas madre de serbal de abedul, algas y t\u00e1rtago le aportan a usted y a su piel energ\u00eda y frescor d\u00eda tras d\u00eda.<\/p>","protected":false},"excerpt":{"rendered":"<p>Babor SPA Gel Limpiador Energizante 200ml<\/p>","protected":false},"featured_media":8887,"comment_status":"closed","ping_status":"closed","template":"","meta":{"_acf_changed":false},"product_brand":[],"product_cat":[152],"product_tag":[],"class_list":{"0":"post-2289","1":"product","2":"type-product","3":"status-publish","4":"has-post-thumbnail","6":"product_cat-krem-dlya-tila","8":"first","9":"instock","10":"purchasable","11":"product-type-simple"},"acf":[],"_links":{"self":[{"href":"https:\/\/glamu.com.ua\/es\/wp-json\/wp\/v2\/product\/2289","targetHints":{"allow":["GET"]}}],"collection":[{"href":"https:\/\/glamu.com.ua\/es\/wp-json\/wp\/v2\/product"}],"about":[{"href":"https:\/\/glamu.com.ua\/es\/wp-json\/wp\/v2\/types\/product"}],"replies":[{"embeddable":true,"href":"https:\/\/glamu.com.ua\/es\/wp-json\/wp\/v2\/comments?post=2289"}],"version-history":[{"count":1,"href":"https:\/\/glamu.com.ua\/es\/wp-json\/wp\/v2\/product\/2289\/revisions"}],"predecessor-version":[{"id":7009,"href":"https:\/\/glamu.com.ua\/es\/wp-json\/wp\/v2\/product\/2289\/revisions\/7009"}],"wp:featuredmedia":[{"embeddable":true,"href":"https:\/\/glamu.com.ua\/es\/wp-json\/wp\/v2\/media\/8887"}],"wp:attachment":[{"href":"https:\/\/glamu.com.ua\/es\/wp-json\/wp\/v2\/media?parent=2289"}],"wp:term":[{"taxonomy":"product_brand","embeddable":true,"href":"https:\/\/glamu.com.ua\/es\/wp-json\/wp\/v2\/product_brand?post=2289"},{"taxonomy":"product_cat","embeddable":true,"href":"https:\/\/glamu.com.ua\/es\/wp-json\/wp\/v2\/product_cat?post=2289"},{"taxonomy":"product_tag","embeddable":true,"href":"https:\/\/glamu.com.ua\/es\/wp-json\/wp\/v2\/product_tag?post=2289"}],"curies":[{"name":"wp","href":"https:\/\/api.w.org\/{rel}","templated":true}]}}