{"id":2268,"date":"2025-09-09T12:22:40","date_gmt":"2025-09-09T09:22:40","guid":{"rendered":"https:\/\/glamu.com.ua\/shop\/\u0431\u0435\u0437%20\u043a\u0430\u0442\u0435\u0433\u043e\u0440\u0456\u0457\/babor-spa-shaping-hand-cream-100ml\/"},"modified":"2026-03-29T22:12:23","modified_gmt":"2026-03-29T19:12:23","slug":"crema-de-manos-babor-spa-shaping-100ml","status":"publish","type":"product","link":"https:\/\/glamu.com.ua\/es\/tienda\/doglyad-za-tilom\/doglyad-para-rukany-y-nogamy\/krem-dlya-ruk\/crema-de-manos-babor-spa-shaping-100ml\/","title":{"rendered":"Babor SPA Crema de Manos Modeladora 100ml"},"content":{"rendered":"<p>Una rica crema de manos con ingredientes naturales. La nueva composici\u00f3n de la fragancia vigorizante le dar\u00e1 un verdadero impulso de energ\u00eda. Proporcione a sus manos un tratamiento casero proporcional al efecto de un tratamiento SPA en toda regla. Textura delicada, aroma sorprendente, tecnolog\u00eda de fabricaci\u00f3n innovadora y una f\u00f3rmula enriquecida con ingredientes activos de origen org\u00e1nico no son todas las ventajas de la crema de manos Babor.<\/p>","protected":false},"excerpt":{"rendered":"<p>Babor Spa Crema de Manos Modeladora 100 ml<\/p>","protected":false},"featured_media":8892,"comment_status":"closed","ping_status":"closed","template":"","meta":{"_acf_changed":false},"product_brand":[],"product_cat":[85],"product_tag":[],"class_list":{"0":"post-2268","1":"product","2":"type-product","3":"status-publish","4":"has-post-thumbnail","6":"product_cat-krem-dlya-ruk","8":"first","9":"instock","10":"purchasable","11":"product-type-simple"},"acf":[],"_links":{"self":[{"href":"https:\/\/glamu.com.ua\/es\/wp-json\/wp\/v2\/product\/2268","targetHints":{"allow":["GET"]}}],"collection":[{"href":"https:\/\/glamu.com.ua\/es\/wp-json\/wp\/v2\/product"}],"about":[{"href":"https:\/\/glamu.com.ua\/es\/wp-json\/wp\/v2\/types\/product"}],"replies":[{"embeddable":true,"href":"https:\/\/glamu.com.ua\/es\/wp-json\/wp\/v2\/comments?post=2268"}],"version-history":[{"count":1,"href":"https:\/\/glamu.com.ua\/es\/wp-json\/wp\/v2\/product\/2268\/revisions"}],"predecessor-version":[{"id":6960,"href":"https:\/\/glamu.com.ua\/es\/wp-json\/wp\/v2\/product\/2268\/revisions\/6960"}],"wp:featuredmedia":[{"embeddable":true,"href":"https:\/\/glamu.com.ua\/es\/wp-json\/wp\/v2\/media\/8892"}],"wp:attachment":[{"href":"https:\/\/glamu.com.ua\/es\/wp-json\/wp\/v2\/media?parent=2268"}],"wp:term":[{"taxonomy":"product_brand","embeddable":true,"href":"https:\/\/glamu.com.ua\/es\/wp-json\/wp\/v2\/product_brand?post=2268"},{"taxonomy":"product_cat","embeddable":true,"href":"https:\/\/glamu.com.ua\/es\/wp-json\/wp\/v2\/product_cat?post=2268"},{"taxonomy":"product_tag","embeddable":true,"href":"https:\/\/glamu.com.ua\/es\/wp-json\/wp\/v2\/product_tag?post=2268"}],"curies":[{"name":"wp","href":"https:\/\/api.w.org\/{rel}","templated":true}]}}