{"id":2259,"date":"2025-09-09T12:22:13","date_gmt":"2025-09-09T09:22:13","guid":{"rendered":"https:\/\/glamu.com.ua\/shop\/\u0431\u0435\u0437%20\u043a\u0430\u0442\u0435\u0433\u043e\u0440\u0456\u0457\/babor-natural-cleansing-bar-c\/"},"modified":"2026-03-29T19:42:32","modified_gmt":"2026-03-29T16:42:32","slug":"babor-barra-limpiadora-natural-c","status":"publish","type":"product","link":"https:\/\/glamu.com.ua\/es\/tienda\/doglyad-za-tilom\/babor-barra-limpiadora-natural-c\/","title":{"rendered":"Babor Barrita Limpiadora Natural + C"},"content":{"rendered":"<p>La f\u00f3rmula sin jab\u00f3n ni perfume con extractos de acacia y d\u00e1tiles del desierto limpia la piel sin dejar residuos.<\/p>","protected":false},"excerpt":{"rendered":"<p>Limpiador natural + envase met\u00e1lico Babor Natural Cleansing Bar + Bote 65 g<\/p>","protected":false},"featured_media":8871,"comment_status":"closed","ping_status":"closed","template":"","meta":{"_acf_changed":false},"product_brand":[],"product_cat":[16],"product_tag":[],"class_list":{"0":"post-2259","1":"product","2":"type-product","3":"status-publish","4":"has-post-thumbnail","6":"product_cat-doglyad-za-tilom","8":"first","9":"instock","10":"purchasable","11":"product-type-simple"},"acf":[],"_links":{"self":[{"href":"https:\/\/glamu.com.ua\/es\/wp-json\/wp\/v2\/product\/2259","targetHints":{"allow":["GET"]}}],"collection":[{"href":"https:\/\/glamu.com.ua\/es\/wp-json\/wp\/v2\/product"}],"about":[{"href":"https:\/\/glamu.com.ua\/es\/wp-json\/wp\/v2\/types\/product"}],"replies":[{"embeddable":true,"href":"https:\/\/glamu.com.ua\/es\/wp-json\/wp\/v2\/comments?post=2259"}],"version-history":[{"count":1,"href":"https:\/\/glamu.com.ua\/es\/wp-json\/wp\/v2\/product\/2259\/revisions"}],"predecessor-version":[{"id":6842,"href":"https:\/\/glamu.com.ua\/es\/wp-json\/wp\/v2\/product\/2259\/revisions\/6842"}],"wp:featuredmedia":[{"embeddable":true,"href":"https:\/\/glamu.com.ua\/es\/wp-json\/wp\/v2\/media\/8871"}],"wp:attachment":[{"href":"https:\/\/glamu.com.ua\/es\/wp-json\/wp\/v2\/media?parent=2259"}],"wp:term":[{"taxonomy":"product_brand","embeddable":true,"href":"https:\/\/glamu.com.ua\/es\/wp-json\/wp\/v2\/product_brand?post=2259"},{"taxonomy":"product_cat","embeddable":true,"href":"https:\/\/glamu.com.ua\/es\/wp-json\/wp\/v2\/product_cat?post=2259"},{"taxonomy":"product_tag","embeddable":true,"href":"https:\/\/glamu.com.ua\/es\/wp-json\/wp\/v2\/product_tag?post=2259"}],"curies":[{"name":"wp","href":"https:\/\/api.w.org\/{rel}","templated":true}]}}