{"id":2256,"date":"2025-09-09T12:22:13","date_gmt":"2025-09-09T09:22:13","guid":{"rendered":"https:\/\/glamu.com.ua\/shop\/\u0431\u0435\u0437%20\u043a\u0430\u0442\u0435\u0433\u043e\u0440\u0456\u0457\/babor-sugar-oil-peeling-50ml\/"},"modified":"2026-03-31T04:43:00","modified_gmt":"2026-03-31T01:43:00","slug":"babor-aceite-de-azucar-peeling-50ml","status":"publish","type":"product","link":"https:\/\/glamu.com.ua\/es\/tienda\/doglyad-para-oblychchyam\/ochishchennya\/pinky-ta-heli\/babor-aceite-de-azucar-peeling-50ml\/","title":{"rendered":"Babor Peeling de Aceite de Az\u00facar 50ml"},"content":{"rendered":"<p>Producto multifuncional que elimina la capa queratinizada de la epidermis, suaviza la piel, la nutre y la hidrata. El complejo Anti-OX activa las defensas propias de la piel contra los efectos negativos del medio ambiente. El aloe vera protege, hidrata y regenera la piel. El extracto prote\u00ednico de semillas de moringa, fuente de omega\u00e1cidos, antioxidantes y vitaminas A y C, hidrata y limpia la piel, la protege de las influencias externas negativas, reduce las l\u00edneas de expresi\u00f3n y las arrugas y ayuda a eliminar la inflamaci\u00f3n. Los extractos de gypsophila, acacia y d\u00e1til del desierto tienen propiedades hidratantes, antioxidantes y calmantes, reducen las rojeces y la irritaci\u00f3n. El aceite de baobab hidrata.<\/p>","protected":false},"excerpt":{"rendered":"<p>Peeling de az\u00facar con Babor Cleansing Sugar Oil Peeling 50 ml<\/p>","protected":false},"featured_media":9308,"comment_status":"closed","ping_status":"closed","template":"","meta":{"_acf_changed":false},"product_brand":[],"product_cat":[19],"product_tag":[],"class_list":{"0":"post-2256","1":"product","2":"type-product","3":"status-publish","4":"has-post-thumbnail","6":"product_cat-pinky-ta-heli","8":"first","9":"instock","10":"purchasable","11":"product-type-simple"},"acf":[],"_links":{"self":[{"href":"https:\/\/glamu.com.ua\/es\/wp-json\/wp\/v2\/product\/2256","targetHints":{"allow":["GET"]}}],"collection":[{"href":"https:\/\/glamu.com.ua\/es\/wp-json\/wp\/v2\/product"}],"about":[{"href":"https:\/\/glamu.com.ua\/es\/wp-json\/wp\/v2\/types\/product"}],"replies":[{"embeddable":true,"href":"https:\/\/glamu.com.ua\/es\/wp-json\/wp\/v2\/comments?post=2256"}],"version-history":[{"count":1,"href":"https:\/\/glamu.com.ua\/es\/wp-json\/wp\/v2\/product\/2256\/revisions"}],"predecessor-version":[{"id":7007,"href":"https:\/\/glamu.com.ua\/es\/wp-json\/wp\/v2\/product\/2256\/revisions\/7007"}],"wp:featuredmedia":[{"embeddable":true,"href":"https:\/\/glamu.com.ua\/es\/wp-json\/wp\/v2\/media\/9308"}],"wp:attachment":[{"href":"https:\/\/glamu.com.ua\/es\/wp-json\/wp\/v2\/media?parent=2256"}],"wp:term":[{"taxonomy":"product_brand","embeddable":true,"href":"https:\/\/glamu.com.ua\/es\/wp-json\/wp\/v2\/product_brand?post=2256"},{"taxonomy":"product_cat","embeddable":true,"href":"https:\/\/glamu.com.ua\/es\/wp-json\/wp\/v2\/product_cat?post=2256"},{"taxonomy":"product_tag","embeddable":true,"href":"https:\/\/glamu.com.ua\/es\/wp-json\/wp\/v2\/product_tag?post=2256"}],"curies":[{"name":"wp","href":"https:\/\/api.w.org\/{rel}","templated":true}]}}