{"id":2232,"date":"2025-09-09T12:22:13","date_gmt":"2025-09-09T09:22:13","guid":{"rendered":"https:\/\/glamu.com.ua\/shop\/\u0431\u0435\u0437%20\u043a\u0430\u0442\u0435\u0433\u043e\u0440\u0456\u0457\/babor-phyto-hy-ol-booster-hydrating-100-ml\/"},"modified":"2026-03-21T05:13:08","modified_gmt":"2026-03-21T03:13:08","slug":"babor-phyto-hy-ol-booster-hidratante-100-ml","status":"publish","type":"product","link":"https:\/\/glamu.com.ua\/es\/tienda\/doglyad-para-oblychchyam\/ochishchennya\/pinky-ta-heli\/babor-phyto-hy-ol-booster-hidratante-100-ml\/","title":{"rendered":"Babor Phyto HY-\u00d6L Booster Hidratante 100 ml"},"content":{"rendered":"<p>Phytoactive ayudar\u00e1 a garantizar la limpieza m\u00e1s delicada y eficaz de la piel. Su f\u00f3rmula activa complementa la acci\u00f3n del aceite hidr\u00f3filo, ayudando a eliminar las impurezas acumuladas y los restos de maquillaje. El producto act\u00faa suavemente sobre la piel, mantiene su pH natural, previene la sequedad y la prepara para los cuidados posteriores.<\/p>","protected":false},"excerpt":{"rendered":"<p>Phytoactiv \u201cHidratante\u201d Babor Limpieza Phyto HY-\u00d6L Booster Hidratante 100 ml<\/p>","protected":false},"featured_media":8298,"comment_status":"closed","ping_status":"closed","template":"","meta":{"_acf_changed":false},"product_brand":[],"product_cat":[19],"product_tag":[],"class_list":{"0":"post-2232","1":"product","2":"type-product","3":"status-publish","4":"has-post-thumbnail","6":"product_cat-pinky-ta-heli","8":"first","9":"instock","10":"purchasable","11":"product-type-simple"},"acf":[],"_links":{"self":[{"href":"https:\/\/glamu.com.ua\/es\/wp-json\/wp\/v2\/product\/2232","targetHints":{"allow":["GET"]}}],"collection":[{"href":"https:\/\/glamu.com.ua\/es\/wp-json\/wp\/v2\/product"}],"about":[{"href":"https:\/\/glamu.com.ua\/es\/wp-json\/wp\/v2\/types\/product"}],"replies":[{"embeddable":true,"href":"https:\/\/glamu.com.ua\/es\/wp-json\/wp\/v2\/comments?post=2232"}],"version-history":[{"count":2,"href":"https:\/\/glamu.com.ua\/es\/wp-json\/wp\/v2\/product\/2232\/revisions"}],"predecessor-version":[{"id":8270,"href":"https:\/\/glamu.com.ua\/es\/wp-json\/wp\/v2\/product\/2232\/revisions\/8270"}],"wp:featuredmedia":[{"embeddable":true,"href":"https:\/\/glamu.com.ua\/es\/wp-json\/wp\/v2\/media\/8298"}],"wp:attachment":[{"href":"https:\/\/glamu.com.ua\/es\/wp-json\/wp\/v2\/media?parent=2232"}],"wp:term":[{"taxonomy":"product_brand","embeddable":true,"href":"https:\/\/glamu.com.ua\/es\/wp-json\/wp\/v2\/product_brand?post=2232"},{"taxonomy":"product_cat","embeddable":true,"href":"https:\/\/glamu.com.ua\/es\/wp-json\/wp\/v2\/product_cat?post=2232"},{"taxonomy":"product_tag","embeddable":true,"href":"https:\/\/glamu.com.ua\/es\/wp-json\/wp\/v2\/product_tag?post=2232"}],"curies":[{"name":"wp","href":"https:\/\/api.w.org\/{rel}","templated":true}]}}