{"id":2223,"date":"2025-09-09T12:22:13","date_gmt":"2025-09-09T09:22:13","guid":{"rendered":"https:\/\/glamu.com.ua\/shop\/\u0431\u0435\u0437%20\u043a\u0430\u0442\u0435\u0433\u043e\u0440\u0456\u0457\/babor-hy-ol-cleanser-phyto-booster-balancing-set-200-100-ml\/"},"modified":"2026-03-31T04:29:06","modified_gmt":"2026-03-31T01:29:06","slug":"babor-hy-ol-cleanser-phyto-booster-balancing-set-200-100-ml","status":"publish","type":"product","link":"https:\/\/glamu.com.ua\/es\/tienda\/doglyad-para-oblychchyam\/ochishchennya\/pinky-ta-heli\/babor-hy-ol-cleanser-phyto-booster-balancing-set-200-100-ml\/","title":{"rendered":"Babor HY-\u00d6L Cleanser &amp; Phyto Booster Balancing Set 200 + 100 ml"},"content":{"rendered":"<p>Su f\u00f3rmula suave favorece la barrera cut\u00e1nea y un microbioma equilibrado. Una combinaci\u00f3n especial de aceites naturales de soja, s\u00e9samo y cacahuete tiene una propiedad hidr\u00f3fila que combate suavemente todo tipo de part\u00edculas de suciedad solubles en aceite y agua, protegiendo la membrana lip\u00eddica de la piel. Las pieles grasas y mixtas se tonifican con salvia, hamamelis y flor de sa\u00faco ecol\u00f3gica, mientras que los extractos nutritivos refuerzan la barrera cut\u00e1nea. El extracto prote\u00ednico de semillas de moringa protege la piel de los factores ambientales negativos.<\/p>","protected":false},"excerpt":{"rendered":"<p>Set de limpieza hidr\u00f3filo para pieles mixtas Babor HY-OL &amp; Phyto Booster Balancing Set 200+100 ml<\/p>","protected":false},"featured_media":9284,"comment_status":"closed","ping_status":"closed","template":"","meta":{"_acf_changed":false},"product_brand":[],"product_cat":[19],"product_tag":[],"class_list":{"0":"post-2223","1":"product","2":"type-product","3":"status-publish","4":"has-post-thumbnail","6":"product_cat-pinky-ta-heli","8":"first","9":"instock","10":"purchasable","11":"product-type-simple"},"acf":[],"_links":{"self":[{"href":"https:\/\/glamu.com.ua\/es\/wp-json\/wp\/v2\/product\/2223","targetHints":{"allow":["GET"]}}],"collection":[{"href":"https:\/\/glamu.com.ua\/es\/wp-json\/wp\/v2\/product"}],"about":[{"href":"https:\/\/glamu.com.ua\/es\/wp-json\/wp\/v2\/types\/product"}],"replies":[{"embeddable":true,"href":"https:\/\/glamu.com.ua\/es\/wp-json\/wp\/v2\/comments?post=2223"}],"version-history":[{"count":1,"href":"https:\/\/glamu.com.ua\/es\/wp-json\/wp\/v2\/product\/2223\/revisions"}],"predecessor-version":[{"id":6833,"href":"https:\/\/glamu.com.ua\/es\/wp-json\/wp\/v2\/product\/2223\/revisions\/6833"}],"wp:featuredmedia":[{"embeddable":true,"href":"https:\/\/glamu.com.ua\/es\/wp-json\/wp\/v2\/media\/9284"}],"wp:attachment":[{"href":"https:\/\/glamu.com.ua\/es\/wp-json\/wp\/v2\/media?parent=2223"}],"wp:term":[{"taxonomy":"product_brand","embeddable":true,"href":"https:\/\/glamu.com.ua\/es\/wp-json\/wp\/v2\/product_brand?post=2223"},{"taxonomy":"product_cat","embeddable":true,"href":"https:\/\/glamu.com.ua\/es\/wp-json\/wp\/v2\/product_cat?post=2223"},{"taxonomy":"product_tag","embeddable":true,"href":"https:\/\/glamu.com.ua\/es\/wp-json\/wp\/v2\/product_tag?post=2223"}],"curies":[{"name":"wp","href":"https:\/\/api.w.org\/{rel}","templated":true}]}}