{"id":2211,"date":"2025-09-09T12:22:13","date_gmt":"2025-09-09T09:22:13","guid":{"rendered":"https:\/\/glamu.com.ua\/shop\/\u0431\u0435\u0437%20\u043a\u0430\u0442\u0435\u0433\u043e\u0440\u0456\u0457\/gentle-peeling-cream-50-ml\/"},"modified":"2026-03-30T19:06:35","modified_gmt":"2026-03-30T16:06:35","slug":"crema-peeling-suave-50-ml","status":"publish","type":"product","link":"https:\/\/glamu.com.ua\/es\/tienda\/doglyad-para-oblychchyam\/apilamiento-dlya-oblychchya\/crema-peeling-suave-50-ml\/","title":{"rendered":"Gentle Peeling Cream 50 ml"},"content":{"rendered":"<p>La composici\u00f3n natural del producto elimina eficazmente las c\u00e9lulas muertas de la piel. La regeneraci\u00f3n de la piel se acelera, lo que contribuye a su rejuvenecimiento. La manteca de karit\u00e9, el aceite de almendras y los humectantes naturales preservan la capa hidrolip\u00eddica de la piel. El extracto de prote\u00edna de semilla de moringa protege la piel de los factores ambientales negativos.<\/p>","protected":false},"excerpt":{"rendered":"<p>Babor Crema exfoliante suave para todo tipo de pieles 50 ml<\/p>","protected":false},"featured_media":9067,"comment_status":"closed","ping_status":"closed","template":"","meta":{"_acf_changed":false},"product_brand":[],"product_cat":[80],"product_tag":[],"class_list":{"0":"post-2211","1":"product","2":"type-product","3":"status-publish","4":"has-post-thumbnail","6":"product_cat-piling-dlya-oblychchya","8":"first","9":"instock","10":"purchasable","11":"product-type-simple"},"acf":[],"_links":{"self":[{"href":"https:\/\/glamu.com.ua\/es\/wp-json\/wp\/v2\/product\/2211","targetHints":{"allow":["GET"]}}],"collection":[{"href":"https:\/\/glamu.com.ua\/es\/wp-json\/wp\/v2\/product"}],"about":[{"href":"https:\/\/glamu.com.ua\/es\/wp-json\/wp\/v2\/types\/product"}],"replies":[{"embeddable":true,"href":"https:\/\/glamu.com.ua\/es\/wp-json\/wp\/v2\/comments?post=2211"}],"version-history":[{"count":3,"href":"https:\/\/glamu.com.ua\/es\/wp-json\/wp\/v2\/product\/2211\/revisions"}],"predecessor-version":[{"id":9068,"href":"https:\/\/glamu.com.ua\/es\/wp-json\/wp\/v2\/product\/2211\/revisions\/9068"}],"wp:featuredmedia":[{"embeddable":true,"href":"https:\/\/glamu.com.ua\/es\/wp-json\/wp\/v2\/media\/9067"}],"wp:attachment":[{"href":"https:\/\/glamu.com.ua\/es\/wp-json\/wp\/v2\/media?parent=2211"}],"wp:term":[{"taxonomy":"product_brand","embeddable":true,"href":"https:\/\/glamu.com.ua\/es\/wp-json\/wp\/v2\/product_brand?post=2211"},{"taxonomy":"product_cat","embeddable":true,"href":"https:\/\/glamu.com.ua\/es\/wp-json\/wp\/v2\/product_cat?post=2211"},{"taxonomy":"product_tag","embeddable":true,"href":"https:\/\/glamu.com.ua\/es\/wp-json\/wp\/v2\/product_tag?post=2211"}],"curies":[{"name":"wp","href":"https:\/\/api.w.org\/{rel}","templated":true}]}}