{"id":2202,"date":"2025-09-09T12:22:13","date_gmt":"2025-09-09T09:22:13","guid":{"rendered":"https:\/\/glamu.com.ua\/shop\/\u0431\u0435\u0437%20\u043a\u0430\u0442\u0435\u0433\u043e\u0440\u0456\u0457\/enzyme-vit-c-cleanser-40gr\/"},"modified":"2026-03-21T06:04:05","modified_gmt":"2026-03-21T04:04:05","slug":"limpiador-enzimatico-vit-c-40gr","status":"publish","type":"product","link":"https:\/\/glamu.com.ua\/es\/tienda\/doglyad-para-oblychchyam\/apilamiento-dlya-oblychchya\/limpiador-enzimatico-vit-c-40gr\/","title":{"rendered":"Enzima &amp; Vit C Limpiador 40g"},"content":{"rendered":"<p>El Polvo Limpiador Enzim\u00e1tico tiene una textura ultraligera y suelta que se emulsiona perfectamente al contacto con el agua. Su espuma rica y densa elimina incluso la suciedad m\u00e1s rebelde sin fricci\u00f3n ni esfuerzo. Hace frente a las peque\u00f1as imperfecciones: puntos negros, brillos grasos, signos de deshidrataci\u00f3n y \u00abs\u00edntomas\u00bb de decoloraci\u00f3n. La vitamina C y las prote\u00ednas vegetales estimulan los procesos metab\u00f3licos de la epidermis mucho despu\u00e9s del lavado, manteniendo su firmeza y elasticidad.<\/p>","protected":false},"excerpt":{"rendered":"<p>Polvo limpiador con vitamina C BABOR Refining Enzyme &amp; Vitamin C Limpiador con vitamina C 40g<\/p>","protected":false},"featured_media":8392,"comment_status":"closed","ping_status":"closed","template":"","meta":{"_acf_changed":false},"product_brand":[],"product_cat":[80],"product_tag":[],"class_list":{"0":"post-2202","1":"product","2":"type-product","3":"status-publish","4":"has-post-thumbnail","6":"product_cat-piling-dlya-oblychchya","8":"first","9":"instock","10":"purchasable","11":"product-type-simple"},"acf":[],"_links":{"self":[{"href":"https:\/\/glamu.com.ua\/es\/wp-json\/wp\/v2\/product\/2202","targetHints":{"allow":["GET"]}}],"collection":[{"href":"https:\/\/glamu.com.ua\/es\/wp-json\/wp\/v2\/product"}],"about":[{"href":"https:\/\/glamu.com.ua\/es\/wp-json\/wp\/v2\/types\/product"}],"replies":[{"embeddable":true,"href":"https:\/\/glamu.com.ua\/es\/wp-json\/wp\/v2\/comments?post=2202"}],"version-history":[{"count":1,"href":"https:\/\/glamu.com.ua\/es\/wp-json\/wp\/v2\/product\/2202\/revisions"}],"predecessor-version":[{"id":6838,"href":"https:\/\/glamu.com.ua\/es\/wp-json\/wp\/v2\/product\/2202\/revisions\/6838"}],"wp:featuredmedia":[{"embeddable":true,"href":"https:\/\/glamu.com.ua\/es\/wp-json\/wp\/v2\/media\/8392"}],"wp:attachment":[{"href":"https:\/\/glamu.com.ua\/es\/wp-json\/wp\/v2\/media?parent=2202"}],"wp:term":[{"taxonomy":"product_brand","embeddable":true,"href":"https:\/\/glamu.com.ua\/es\/wp-json\/wp\/v2\/product_brand?post=2202"},{"taxonomy":"product_cat","embeddable":true,"href":"https:\/\/glamu.com.ua\/es\/wp-json\/wp\/v2\/product_cat?post=2202"},{"taxonomy":"product_tag","embeddable":true,"href":"https:\/\/glamu.com.ua\/es\/wp-json\/wp\/v2\/product_tag?post=2202"}],"curies":[{"name":"wp","href":"https:\/\/api.w.org\/{rel}","templated":true}]}}