{"id":2196,"date":"2025-09-09T12:21:44","date_gmt":"2025-09-09T09:21:44","guid":{"rendered":"https:\/\/glamu.com.ua\/shop\/\u0431\u0435\u0437%20\u043a\u0430\u0442\u0435\u0433\u043e\u0440\u0456\u0457\/babor-advent-calendar-ampoule-concentrates-2025\/"},"modified":"2026-03-25T19:55:56","modified_gmt":"2026-03-25T17:55:56","slug":"babor-calendario-de-adviento-ampolla-concentrados-2025","status":"publish","type":"product","link":"https:\/\/glamu.com.ua\/es\/tienda\/nabir\/nabir-dlya-oblychchya\/babor-calendario-de-adviento-ampolla-concentrados-2025\/","title":{"rendered":"Babor Calendario de Adviento Ampolla Concentrados 2025"},"content":{"rendered":"<p>4 uds. x Hydra Plus - un producto para la m\u00e1xima hidrataci\u00f3n a todos los niveles de la piel. Reduce las arrugas, 1 ud. x Vitalizador de Algas - proporciona la m\u00e1xima hidrataci\u00f3n y vitalidad para un microbioma equilibrado, 3 uds. x Active Night - un conjunto de ingredientes activos para calmar instant\u00e1neamente la piel con una reducci\u00f3n del enrojecimiento y la tirantez, 1 ud. x Multi Vitamin - restaura la energ\u00eda de la piel debilitada, haci\u00e9ndola radiante y saludable, 3 uds. x Perfect Glow - luminosidad instant\u00e1nea y piel suave e impecable durante todo el d\u00eda, 6 uds. x 3D Firming - para contornos definidos, piel m\u00e1s firme y arrugas reducidas, 6 uds. x Lift Express - el tratamiento antiarrugas definitivo con resultados instant\u00e1neos<\/p>","protected":false},"excerpt":{"rendered":"<p>Calendario de Adviento con BABOR Calendario de Adviento Ampolla Concentrados 24 x 2 ml<\/p>","protected":false},"featured_media":8756,"comment_status":"closed","ping_status":"closed","template":"","meta":{"_acf_changed":false},"product_brand":[],"product_cat":[87],"product_tag":[],"class_list":{"0":"post-2196","1":"product","2":"type-product","3":"status-publish","4":"has-post-thumbnail","6":"product_cat-nabir-dlya-oblychchya","8":"first","9":"instock","10":"purchasable","11":"product-type-simple"},"acf":[],"_links":{"self":[{"href":"https:\/\/glamu.com.ua\/es\/wp-json\/wp\/v2\/product\/2196","targetHints":{"allow":["GET"]}}],"collection":[{"href":"https:\/\/glamu.com.ua\/es\/wp-json\/wp\/v2\/product"}],"about":[{"href":"https:\/\/glamu.com.ua\/es\/wp-json\/wp\/v2\/types\/product"}],"replies":[{"embeddable":true,"href":"https:\/\/glamu.com.ua\/es\/wp-json\/wp\/v2\/comments?post=2196"}],"version-history":[{"count":3,"href":"https:\/\/glamu.com.ua\/es\/wp-json\/wp\/v2\/product\/2196\/revisions"}],"predecessor-version":[{"id":8757,"href":"https:\/\/glamu.com.ua\/es\/wp-json\/wp\/v2\/product\/2196\/revisions\/8757"}],"wp:featuredmedia":[{"embeddable":true,"href":"https:\/\/glamu.com.ua\/es\/wp-json\/wp\/v2\/media\/8756"}],"wp:attachment":[{"href":"https:\/\/glamu.com.ua\/es\/wp-json\/wp\/v2\/media?parent=2196"}],"wp:term":[{"taxonomy":"product_brand","embeddable":true,"href":"https:\/\/glamu.com.ua\/es\/wp-json\/wp\/v2\/product_brand?post=2196"},{"taxonomy":"product_cat","embeddable":true,"href":"https:\/\/glamu.com.ua\/es\/wp-json\/wp\/v2\/product_cat?post=2196"},{"taxonomy":"product_tag","embeddable":true,"href":"https:\/\/glamu.com.ua\/es\/wp-json\/wp\/v2\/product_tag?post=2196"}],"curies":[{"name":"wp","href":"https:\/\/api.w.org\/{rel}","templated":true}]}}