{"id":2193,"date":"2025-09-09T12:21:44","date_gmt":"2025-09-09T09:21:44","guid":{"rendered":"https:\/\/glamu.com.ua\/shop\/\u0431\u0435\u0437%20\u043a\u0430\u0442\u0435\u0433\u043e\u0440\u0456\u0457\/hsr-lifting-overnight-mask-50-ml\/"},"modified":"2026-03-21T06:38:41","modified_gmt":"2026-03-21T04:38:41","slug":"hsr-mascarilla-lifting-de-noche-50-ml","status":"publish","type":"product","link":"https:\/\/glamu.com.ua\/es\/tienda\/doglyad-para-oblychchyam\/crema\/krem-dlya-oblychchya\/hsr-mascarilla-lifting-de-noche-50-ml\/","title":{"rendered":"HSR LIFTING Mascarilla de noche 50 ml"},"content":{"rendered":"<p>Una mascarilla multinivel que restaura activamente la piel por la noche, elimina las arrugas, unifica la textura y mejora la elasticidad. La mascarilla act\u00faa por la noche, actuando en las capas m\u00e1s profundas de la piel: - reduce las arrugas; - refuerza el col\u00e1geno y la elastina; - reduce las ojeras; - aumenta la densidad y la elasticidad de la piel; - calma y mejora el sue\u00f1o gracias al aroma de lavanda.<\/p>","protected":false},"excerpt":{"rendered":"<p>Babor HSR Lifting Overnight Mask 50 ml Mascarilla facial antiedad de noche<\/p>","protected":false},"featured_media":8458,"comment_status":"closed","ping_status":"closed","template":"","meta":{"_acf_changed":false},"product_brand":[],"product_cat":[79],"product_tag":[],"class_list":{"0":"post-2193","1":"product","2":"type-product","3":"status-publish","4":"has-post-thumbnail","6":"product_cat-krem-dlya-oblychchya","8":"first","9":"instock","10":"purchasable","11":"product-type-simple"},"acf":[],"_links":{"self":[{"href":"https:\/\/glamu.com.ua\/es\/wp-json\/wp\/v2\/product\/2193","targetHints":{"allow":["GET"]}}],"collection":[{"href":"https:\/\/glamu.com.ua\/es\/wp-json\/wp\/v2\/product"}],"about":[{"href":"https:\/\/glamu.com.ua\/es\/wp-json\/wp\/v2\/types\/product"}],"replies":[{"embeddable":true,"href":"https:\/\/glamu.com.ua\/es\/wp-json\/wp\/v2\/comments?post=2193"}],"version-history":[{"count":1,"href":"https:\/\/glamu.com.ua\/es\/wp-json\/wp\/v2\/product\/2193\/revisions"}],"predecessor-version":[{"id":6857,"href":"https:\/\/glamu.com.ua\/es\/wp-json\/wp\/v2\/product\/2193\/revisions\/6857"}],"wp:featuredmedia":[{"embeddable":true,"href":"https:\/\/glamu.com.ua\/es\/wp-json\/wp\/v2\/media\/8458"}],"wp:attachment":[{"href":"https:\/\/glamu.com.ua\/es\/wp-json\/wp\/v2\/media?parent=2193"}],"wp:term":[{"taxonomy":"product_brand","embeddable":true,"href":"https:\/\/glamu.com.ua\/es\/wp-json\/wp\/v2\/product_brand?post=2193"},{"taxonomy":"product_cat","embeddable":true,"href":"https:\/\/glamu.com.ua\/es\/wp-json\/wp\/v2\/product_cat?post=2193"},{"taxonomy":"product_tag","embeddable":true,"href":"https:\/\/glamu.com.ua\/es\/wp-json\/wp\/v2\/product_tag?post=2193"}],"curies":[{"name":"wp","href":"https:\/\/api.w.org\/{rel}","templated":true}]}}