{"id":2181,"date":"2025-09-09T12:21:44","date_gmt":"2025-09-09T09:21:44","guid":{"rendered":"https:\/\/glamu.com.ua\/shop\/\u0431\u0435\u0437%20\u043a\u0430\u0442\u0435\u0433\u043e\u0440\u0456\u0457\/hyalur-cleans-balm-small-b2c\/"},"modified":"2026-03-29T22:26:25","modified_gmt":"2026-03-29T19:26:25","slug":"hyalur-balsamo-limpiador-pequeno-b2c","status":"publish","type":"product","link":"https:\/\/glamu.com.ua\/es\/tienda\/doglyad-za-tilom\/hyalur-balsamo-limpiador-pequeno-b2c\/","title":{"rendered":"Hyalur. Limpia. B\u00e1lsamo peque\u00f1o B2C"},"content":{"rendered":"<p>El B\u00e1lsamo Limpiador Nutritivo empieza a cuidar su piel mientras la limpia: su textura se funde con su piel para conseguir un aspecto m\u00e1s firme y tonificado. El \u00e1cido 3D suaviza, alisa e hidrata su piel. Proporcionar\u00e1 a tu piel no s\u00f3lo un cuidado eficaz, sino tambi\u00e9n una gran sensaci\u00f3n de belleza y salud.<\/p>","protected":false},"excerpt":{"rendered":"<p>B\u00e1lsamo limpiador con \u00e1cido hialur\u00f3nico BABOR B\u00e1lsamo limpiador hialur\u00f3nico 15 ml<\/p>","protected":false},"featured_media":8906,"comment_status":"closed","ping_status":"closed","template":"","meta":{"_acf_changed":false},"product_brand":[],"product_cat":[16],"product_tag":[],"class_list":{"0":"post-2181","1":"product","2":"type-product","3":"status-publish","4":"has-post-thumbnail","6":"product_cat-doglyad-za-tilom","8":"first","9":"instock","10":"purchasable","11":"product-type-simple"},"acf":[],"_links":{"self":[{"href":"https:\/\/glamu.com.ua\/es\/wp-json\/wp\/v2\/product\/2181","targetHints":{"allow":["GET"]}}],"collection":[{"href":"https:\/\/glamu.com.ua\/es\/wp-json\/wp\/v2\/product"}],"about":[{"href":"https:\/\/glamu.com.ua\/es\/wp-json\/wp\/v2\/types\/product"}],"replies":[{"embeddable":true,"href":"https:\/\/glamu.com.ua\/es\/wp-json\/wp\/v2\/comments?post=2181"}],"version-history":[{"count":1,"href":"https:\/\/glamu.com.ua\/es\/wp-json\/wp\/v2\/product\/2181\/revisions"}],"predecessor-version":[{"id":7002,"href":"https:\/\/glamu.com.ua\/es\/wp-json\/wp\/v2\/product\/2181\/revisions\/7002"}],"wp:featuredmedia":[{"embeddable":true,"href":"https:\/\/glamu.com.ua\/es\/wp-json\/wp\/v2\/media\/8906"}],"wp:attachment":[{"href":"https:\/\/glamu.com.ua\/es\/wp-json\/wp\/v2\/media?parent=2181"}],"wp:term":[{"taxonomy":"product_brand","embeddable":true,"href":"https:\/\/glamu.com.ua\/es\/wp-json\/wp\/v2\/product_brand?post=2181"},{"taxonomy":"product_cat","embeddable":true,"href":"https:\/\/glamu.com.ua\/es\/wp-json\/wp\/v2\/product_cat?post=2181"},{"taxonomy":"product_tag","embeddable":true,"href":"https:\/\/glamu.com.ua\/es\/wp-json\/wp\/v2\/product_tag?post=2181"}],"curies":[{"name":"wp","href":"https:\/\/api.w.org\/{rel}","templated":true}]}}