{"id":2154,"date":"2025-09-09T12:21:44","date_gmt":"2025-09-09T09:21:44","guid":{"rendered":"https:\/\/glamu.com.ua\/shop\/\u0431\u0435\u0437%20\u043a\u0430\u0442\u0435\u0433\u043e\u0440\u0456\u0457\/7-days-perfect-skin-collection\/"},"modified":"2025-11-24T23:39:04","modified_gmt":"2025-11-24T21:39:04","slug":"coleccion-7-dias-piel-perfecta","status":"publish","type":"product","link":"https:\/\/glamu.com.ua\/es\/tienda\/doglyad-para-oblychchyam\/ampuly-dlya-oblychchya\/coleccion-7-dias-piel-perfecta\/","title":{"rendered":"Colecci\u00f3n 7 D\u00edas Piel Perfecta"},"content":{"rendered":"<p>Un set especial de ampollas dise\u00f1ado para conseguir una piel perfecta en s\u00f3lo 7 d\u00edas. El set contiene 7 ampollas, cada una con una acci\u00f3n espec\u00edfica destinada a mejorar el estado de la piel. Para obtener resultados \u00f3ptimos, se recomienda realizar este tratamiento de 7 d\u00edas una vez al a\u00f1o, preferiblemente en primavera.<\/p>","protected":false},"excerpt":{"rendered":"<p>Set de ampollas para el rostro \u201c7 d\u00edas\u201d BABOR 7 Days Perfect Skin Collection 14 ml<\/p>","protected":false},"featured_media":4784,"comment_status":"closed","ping_status":"closed","template":"","meta":{"_acf_changed":false},"product_brand":[],"product_cat":[102],"product_tag":[],"class_list":{"0":"post-2154","1":"product","2":"type-product","3":"status-publish","4":"has-post-thumbnail","6":"product_cat-ampuly-dlya-oblychchya","8":"first","9":"instock","10":"purchasable","11":"product-type-simple"},"acf":[],"_links":{"self":[{"href":"https:\/\/glamu.com.ua\/es\/wp-json\/wp\/v2\/product\/2154","targetHints":{"allow":["GET"]}}],"collection":[{"href":"https:\/\/glamu.com.ua\/es\/wp-json\/wp\/v2\/product"}],"about":[{"href":"https:\/\/glamu.com.ua\/es\/wp-json\/wp\/v2\/types\/product"}],"replies":[{"embeddable":true,"href":"https:\/\/glamu.com.ua\/es\/wp-json\/wp\/v2\/comments?post=2154"}],"version-history":[{"count":2,"href":"https:\/\/glamu.com.ua\/es\/wp-json\/wp\/v2\/product\/2154\/revisions"}],"predecessor-version":[{"id":9106,"href":"https:\/\/glamu.com.ua\/es\/wp-json\/wp\/v2\/product\/2154\/revisions\/9106"}],"wp:featuredmedia":[{"embeddable":true,"href":"https:\/\/glamu.com.ua\/es\/wp-json\/wp\/v2\/media\/4784"}],"wp:attachment":[{"href":"https:\/\/glamu.com.ua\/es\/wp-json\/wp\/v2\/media?parent=2154"}],"wp:term":[{"taxonomy":"product_brand","embeddable":true,"href":"https:\/\/glamu.com.ua\/es\/wp-json\/wp\/v2\/product_brand?post=2154"},{"taxonomy":"product_cat","embeddable":true,"href":"https:\/\/glamu.com.ua\/es\/wp-json\/wp\/v2\/product_cat?post=2154"},{"taxonomy":"product_tag","embeddable":true,"href":"https:\/\/glamu.com.ua\/es\/wp-json\/wp\/v2\/product_tag?post=2154"}],"curies":[{"name":"wp","href":"https:\/\/api.w.org\/{rel}","templated":true}]}}