{"id":2131,"date":"2025-09-09T11:51:09","date_gmt":"2025-09-09T08:51:09","guid":{"rendered":"https:\/\/glamu.com.ua\/shop\/\u0431\u0435\u0437%20\u043a\u0430\u0442\u0435\u0433\u043e\u0440\u0456\u0457\/power-hyaluronic-cooling-eye-contour-eyelashes-gel-15-ml\/"},"modified":"2026-03-21T07:35:20","modified_gmt":"2026-03-21T05:35:20","slug":"power-hyaluronic-cooling-eye-contour-eyelashes-gel-15-ml","status":"publish","type":"product","link":"https:\/\/glamu.com.ua\/es\/tienda\/doglyad-para-oblychchyam\/crema\/krem-dlya-konturu-ochej\/power-hyaluronic-cooling-eye-contour-eyelashes-gel-15-ml\/","title":{"rendered":"POWER GEL HIALUR\u00d3NICO REFRESCANTE CONTORNO DE OJOS Y PESTA\u00d1AS 15 ML"},"content":{"rendered":"<p>El Gel Refrescante para Ojos y Pesta\u00f1as elimina los signos de inflamaci\u00f3n y restaura la piel cansada del contorno de los ojos. Combate las ojeras y la hinchaz\u00f3n, alisa las patas de gallo y previene su aparici\u00f3n en el futuro. Fortalece las pesta\u00f1as y las protege de su ca\u00edda, tensa la piel fl\u00e1cida de los p\u00e1rpados. Adecuado para mujeres y hombres de todo tipo de piel.<\/p>","protected":false},"excerpt":{"rendered":"<p>\u041e\u0445\u043e\u043b\u043e\u0434\u0436\u0443\u0432\u0430\u043b\u044c\u043d\u0438\u0439 \u0433\u0435\u043b\u044c \u0434\u043b\u044f \u043e\u0447\u0435\u0439 \u0442\u0430 \u0432\u0456\u0439 Skeyndor Power Hyaluronic Cooling Eye Contour &amp; Eyelashes Gel 15 \u043c\u043b<\/p>","protected":false},"featured_media":8579,"comment_status":"closed","ping_status":"closed","template":"","meta":{"_acf_changed":false},"product_brand":[],"product_cat":[92],"product_tag":[],"class_list":{"0":"post-2131","1":"product","2":"type-product","3":"status-publish","4":"has-post-thumbnail","6":"product_cat-krem-dlya-konturu-ochej","8":"first","9":"instock","10":"purchasable","11":"product-type-simple"},"acf":[],"_links":{"self":[{"href":"https:\/\/glamu.com.ua\/es\/wp-json\/wp\/v2\/product\/2131","targetHints":{"allow":["GET"]}}],"collection":[{"href":"https:\/\/glamu.com.ua\/es\/wp-json\/wp\/v2\/product"}],"about":[{"href":"https:\/\/glamu.com.ua\/es\/wp-json\/wp\/v2\/types\/product"}],"replies":[{"embeddable":true,"href":"https:\/\/glamu.com.ua\/es\/wp-json\/wp\/v2\/comments?post=2131"}],"version-history":[{"count":2,"href":"https:\/\/glamu.com.ua\/es\/wp-json\/wp\/v2\/product\/2131\/revisions"}],"predecessor-version":[{"id":9115,"href":"https:\/\/glamu.com.ua\/es\/wp-json\/wp\/v2\/product\/2131\/revisions\/9115"}],"wp:featuredmedia":[{"embeddable":true,"href":"https:\/\/glamu.com.ua\/es\/wp-json\/wp\/v2\/media\/8579"}],"wp:attachment":[{"href":"https:\/\/glamu.com.ua\/es\/wp-json\/wp\/v2\/media?parent=2131"}],"wp:term":[{"taxonomy":"product_brand","embeddable":true,"href":"https:\/\/glamu.com.ua\/es\/wp-json\/wp\/v2\/product_brand?post=2131"},{"taxonomy":"product_cat","embeddable":true,"href":"https:\/\/glamu.com.ua\/es\/wp-json\/wp\/v2\/product_cat?post=2131"},{"taxonomy":"product_tag","embeddable":true,"href":"https:\/\/glamu.com.ua\/es\/wp-json\/wp\/v2\/product_tag?post=2131"}],"curies":[{"name":"wp","href":"https:\/\/api.w.org\/{rel}","templated":true}]}}