{"id":2085,"date":"2025-09-09T11:50:45","date_gmt":"2025-09-09T08:50:45","guid":{"rendered":"https:\/\/glamu.com.ua\/shop\/\u0431\u0435\u0437%20\u043a\u0430\u0442\u0435\u0433\u043e\u0440\u0456\u0457\/power-hyaluronic-intensive-moisturizing-cream-50-ml\/"},"modified":"2026-03-21T07:02:14","modified_gmt":"2026-03-21T05:02:14","slug":"power-hyaluronic-crema-hidratante-intensiva-50-ml","status":"publish","type":"product","link":"https:\/\/glamu.com.ua\/es\/tienda\/doglyad-para-oblychchyam\/crema\/krem-dlya-oblychchya\/power-hyaluronic-crema-hidratante-intensiva-50-ml\/","title":{"rendered":"POWER HYALURONIC crema hidratante intensiva 50 ml"},"content":{"rendered":"<p>Hidratante intensivo para pieles secas que restablece el equilibrio normal de hidrataci\u00f3n. Protege contra la sequedad y la descamaci\u00f3n, alisa las arrugas existentes y previene la aparici\u00f3n de otras nuevas. Restaura la barrera lip\u00eddica da\u00f1ada de la epidermis, protege contra la deshidrataci\u00f3n y los factores externos agresivos. Tambi\u00e9n contiene vitaminas y antioxidantes que aceleran el metabolismo y retrasan el envejecimiento.<\/p>","protected":false},"excerpt":{"rendered":"<p>Crema hidratante intensiva para pieles secas Skeyndor Power Hyaluronic Crema hidratante intensiva 50 ml<\/p>","protected":false},"featured_media":8509,"comment_status":"closed","ping_status":"closed","template":"","meta":{"_acf_changed":false},"product_brand":[],"product_cat":[79],"product_tag":[],"class_list":{"0":"post-2085","1":"product","2":"type-product","3":"status-publish","4":"has-post-thumbnail","6":"product_cat-krem-dlya-oblychchya","8":"first","9":"instock","10":"purchasable","11":"product-type-simple"},"acf":[],"_links":{"self":[{"href":"https:\/\/glamu.com.ua\/es\/wp-json\/wp\/v2\/product\/2085","targetHints":{"allow":["GET"]}}],"collection":[{"href":"https:\/\/glamu.com.ua\/es\/wp-json\/wp\/v2\/product"}],"about":[{"href":"https:\/\/glamu.com.ua\/es\/wp-json\/wp\/v2\/types\/product"}],"replies":[{"embeddable":true,"href":"https:\/\/glamu.com.ua\/es\/wp-json\/wp\/v2\/comments?post=2085"}],"version-history":[{"count":1,"href":"https:\/\/glamu.com.ua\/es\/wp-json\/wp\/v2\/product\/2085\/revisions"}],"predecessor-version":[{"id":7179,"href":"https:\/\/glamu.com.ua\/es\/wp-json\/wp\/v2\/product\/2085\/revisions\/7179"}],"wp:featuredmedia":[{"embeddable":true,"href":"https:\/\/glamu.com.ua\/es\/wp-json\/wp\/v2\/media\/8509"}],"wp:attachment":[{"href":"https:\/\/glamu.com.ua\/es\/wp-json\/wp\/v2\/media?parent=2085"}],"wp:term":[{"taxonomy":"product_brand","embeddable":true,"href":"https:\/\/glamu.com.ua\/es\/wp-json\/wp\/v2\/product_brand?post=2085"},{"taxonomy":"product_cat","embeddable":true,"href":"https:\/\/glamu.com.ua\/es\/wp-json\/wp\/v2\/product_cat?post=2085"},{"taxonomy":"product_tag","embeddable":true,"href":"https:\/\/glamu.com.ua\/es\/wp-json\/wp\/v2\/product_tag?post=2085"}],"curies":[{"name":"wp","href":"https:\/\/api.w.org\/{rel}","templated":true}]}}