{"id":2079,"date":"2025-09-09T11:50:45","date_gmt":"2025-09-09T08:50:45","guid":{"rendered":"https:\/\/glamu.com.ua\/shop\/\u0431\u0435\u0437%20\u043a\u0430\u0442\u0435\u0433\u043e\u0440\u0456\u0457\/urban-white-spots-eraser-cream-15-ml\/"},"modified":"2026-03-21T07:24:15","modified_gmt":"2026-03-21T05:24:15","slug":"crema-urbana-borradora-de-manchas-blancas-15-ml","status":"publish","type":"product","link":"https:\/\/glamu.com.ua\/es\/tienda\/doglyad-para-oblychchyam\/crema\/krem-dlya-oblychchya\/crema-urbana-borradora-de-manchas-blancas-15-ml\/","title":{"rendered":"URBAN WHITE crema borradora de manchas 15 ml"},"content":{"rendered":"<p>Su f\u00f3rmula especial, que incluye una amplia gama de agentes despigmentantes, est\u00e1 dise\u00f1ada para aclarar r\u00e1pidamente las manchas o pigmentaciones de cualquier tipo de piel. Se recomienda aplicar s\u00f3lo en las zonas con pigmentaci\u00f3n.<\/p>","protected":false},"excerpt":{"rendered":"<p>Crema abrillantadora de aplicaci\u00f3n t\u00f3pica Skeyndor Urban White Spots Eraser Cream 15 ml<\/p>","protected":false},"featured_media":8561,"comment_status":"closed","ping_status":"closed","template":"","meta":{"_acf_changed":false},"product_brand":[],"product_cat":[79],"product_tag":[],"class_list":{"0":"post-2079","1":"product","2":"type-product","3":"status-publish","4":"has-post-thumbnail","6":"product_cat-krem-dlya-oblychchya","8":"first","9":"instock","10":"purchasable","11":"product-type-simple"},"acf":[],"_links":{"self":[{"href":"https:\/\/glamu.com.ua\/es\/wp-json\/wp\/v2\/product\/2079","targetHints":{"allow":["GET"]}}],"collection":[{"href":"https:\/\/glamu.com.ua\/es\/wp-json\/wp\/v2\/product"}],"about":[{"href":"https:\/\/glamu.com.ua\/es\/wp-json\/wp\/v2\/types\/product"}],"replies":[{"embeddable":true,"href":"https:\/\/glamu.com.ua\/es\/wp-json\/wp\/v2\/comments?post=2079"}],"version-history":[{"count":2,"href":"https:\/\/glamu.com.ua\/es\/wp-json\/wp\/v2\/product\/2079\/revisions"}],"predecessor-version":[{"id":9152,"href":"https:\/\/glamu.com.ua\/es\/wp-json\/wp\/v2\/product\/2079\/revisions\/9152"}],"wp:featuredmedia":[{"embeddable":true,"href":"https:\/\/glamu.com.ua\/es\/wp-json\/wp\/v2\/media\/8561"}],"wp:attachment":[{"href":"https:\/\/glamu.com.ua\/es\/wp-json\/wp\/v2\/media?parent=2079"}],"wp:term":[{"taxonomy":"product_brand","embeddable":true,"href":"https:\/\/glamu.com.ua\/es\/wp-json\/wp\/v2\/product_brand?post=2079"},{"taxonomy":"product_cat","embeddable":true,"href":"https:\/\/glamu.com.ua\/es\/wp-json\/wp\/v2\/product_cat?post=2079"},{"taxonomy":"product_tag","embeddable":true,"href":"https:\/\/glamu.com.ua\/es\/wp-json\/wp\/v2\/product_tag?post=2079"}],"curies":[{"name":"wp","href":"https:\/\/api.w.org\/{rel}","templated":true}]}}