{"id":2061,"date":"2025-09-09T11:50:45","date_gmt":"2025-09-09T08:50:45","guid":{"rendered":"https:\/\/glamu.com.ua\/shop\/\u0431\u0435\u0437%20\u043a\u0430\u0442\u0435\u0433\u043e\u0440\u0456\u0457\/intense-hydrating-mask\/"},"modified":"2026-03-30T19:19:08","modified_gmt":"2026-03-30T16:19:08","slug":"mascarilla-hidratante-intensa","status":"publish","type":"product","link":"https:\/\/glamu.com.ua\/es\/tienda\/doglyad-para-oblychchyam\/maska-dlya-oblychchya\/mascarilla-hidratante-intensa\/","title":{"rendered":"Mascarilla Hidratante Intensa"},"content":{"rendered":"<p>El producto perfecto para cuidar su piel. Adecuado para todo tipo de pieles, pero especialmente eficaz para las pieles secas. El \u00e1cido hialur\u00f3nico y la beta\u00edna hidratan intensamente, restauran la elasticidad y dejan la piel suave y fresca. Gracias al agua de un glaciar noruego y al cobre, la mascarilla enriquece la piel con minerales, estimul\u00e1ndola<\/p>","protected":false},"excerpt":{"rendered":"<p>Skeyndor Power Hyaluronic Mascarilla Hidratante Intensa 50 ml con \u00e1cido hialur\u00f3nico para el rostro<\/p>","protected":false},"featured_media":9085,"comment_status":"closed","ping_status":"closed","template":"","meta":{"_acf_changed":false},"product_brand":[],"product_cat":[82],"product_tag":[],"class_list":{"0":"post-2061","1":"product","2":"type-product","3":"status-publish","4":"has-post-thumbnail","6":"product_cat-maska-dlya-oblychchya","8":"first","9":"instock","10":"purchasable","11":"product-type-simple"},"acf":[],"_links":{"self":[{"href":"https:\/\/glamu.com.ua\/es\/wp-json\/wp\/v2\/product\/2061","targetHints":{"allow":["GET"]}}],"collection":[{"href":"https:\/\/glamu.com.ua\/es\/wp-json\/wp\/v2\/product"}],"about":[{"href":"https:\/\/glamu.com.ua\/es\/wp-json\/wp\/v2\/types\/product"}],"replies":[{"embeddable":true,"href":"https:\/\/glamu.com.ua\/es\/wp-json\/wp\/v2\/comments?post=2061"}],"version-history":[{"count":1,"href":"https:\/\/glamu.com.ua\/es\/wp-json\/wp\/v2\/product\/2061\/revisions"}],"predecessor-version":[{"id":7169,"href":"https:\/\/glamu.com.ua\/es\/wp-json\/wp\/v2\/product\/2061\/revisions\/7169"}],"wp:featuredmedia":[{"embeddable":true,"href":"https:\/\/glamu.com.ua\/es\/wp-json\/wp\/v2\/media\/9085"}],"wp:attachment":[{"href":"https:\/\/glamu.com.ua\/es\/wp-json\/wp\/v2\/media?parent=2061"}],"wp:term":[{"taxonomy":"product_brand","embeddable":true,"href":"https:\/\/glamu.com.ua\/es\/wp-json\/wp\/v2\/product_brand?post=2061"},{"taxonomy":"product_cat","embeddable":true,"href":"https:\/\/glamu.com.ua\/es\/wp-json\/wp\/v2\/product_cat?post=2061"},{"taxonomy":"product_tag","embeddable":true,"href":"https:\/\/glamu.com.ua\/es\/wp-json\/wp\/v2\/product_tag?post=2061"}],"curies":[{"name":"wp","href":"https:\/\/api.w.org\/{rel}","templated":true}]}}