{"id":2059,"date":"2025-09-09T11:50:45","date_gmt":"2025-09-09T08:50:45","guid":{"rendered":"https:\/\/glamu.com.ua\/shop\/\u0431\u0435\u0437%20\u043a\u0430\u0442\u0435\u0433\u043e\u0440\u0456\u0457\/soft-peeling-50ml\/"},"modified":"2026-03-30T21:06:49","modified_gmt":"2026-03-30T18:06:49","slug":"peeling-suave-50ml","status":"publish","type":"product","link":"https:\/\/glamu.com.ua\/es\/tienda\/doglyad-para-oblychchyam\/apilamiento-dlya-oblychchya\/peeling-suave-50ml\/","title":{"rendered":"Peeling suave 50ml"},"content":{"rendered":"<p>El suave exfoliante limpia suavemente la epidermis de c\u00e9lulas muertas y estimula su regeneraci\u00f3n. Ayuda a preparar la piel para su cuidado posterior. El producto de belleza tambi\u00e9n estimula la microcirculaci\u00f3n cut\u00e1nea, elimina la opacidad y proporciona un brillo saludable.<\/p>","protected":false},"excerpt":{"rendered":"<p>Peeling suave para el rostro Skeyndor Essential Soft Peeling 50 ml<\/p>","protected":false},"featured_media":9135,"comment_status":"closed","ping_status":"closed","template":"","meta":{"_acf_changed":false},"product_brand":[],"product_cat":[80],"product_tag":[],"class_list":{"0":"post-2059","1":"product","2":"type-product","3":"status-publish","4":"has-post-thumbnail","6":"product_cat-piling-dlya-oblychchya","8":"first","9":"instock","10":"purchasable","11":"product-type-simple"},"acf":[],"_links":{"self":[{"href":"https:\/\/glamu.com.ua\/es\/wp-json\/wp\/v2\/product\/2059","targetHints":{"allow":["GET"]}}],"collection":[{"href":"https:\/\/glamu.com.ua\/es\/wp-json\/wp\/v2\/product"}],"about":[{"href":"https:\/\/glamu.com.ua\/es\/wp-json\/wp\/v2\/types\/product"}],"replies":[{"embeddable":true,"href":"https:\/\/glamu.com.ua\/es\/wp-json\/wp\/v2\/comments?post=2059"}],"version-history":[{"count":1,"href":"https:\/\/glamu.com.ua\/es\/wp-json\/wp\/v2\/product\/2059\/revisions"}],"predecessor-version":[{"id":7168,"href":"https:\/\/glamu.com.ua\/es\/wp-json\/wp\/v2\/product\/2059\/revisions\/7168"}],"wp:featuredmedia":[{"embeddable":true,"href":"https:\/\/glamu.com.ua\/es\/wp-json\/wp\/v2\/media\/9135"}],"wp:attachment":[{"href":"https:\/\/glamu.com.ua\/es\/wp-json\/wp\/v2\/media?parent=2059"}],"wp:term":[{"taxonomy":"product_brand","embeddable":true,"href":"https:\/\/glamu.com.ua\/es\/wp-json\/wp\/v2\/product_brand?post=2059"},{"taxonomy":"product_cat","embeddable":true,"href":"https:\/\/glamu.com.ua\/es\/wp-json\/wp\/v2\/product_cat?post=2059"},{"taxonomy":"product_tag","embeddable":true,"href":"https:\/\/glamu.com.ua\/es\/wp-json\/wp\/v2\/product_tag?post=2059"}],"curies":[{"name":"wp","href":"https:\/\/api.w.org\/{rel}","templated":true}]}}