{"id":2018,"date":"2025-09-09T11:50:05","date_gmt":"2025-09-09T08:50:05","guid":{"rendered":"https:\/\/glamu.com.ua\/shop\/\u0431\u0435\u0437%20\u043a\u0430\u0442\u0435\u0433\u043e\u0440\u0456\u0457\/instant-illuminating-mask-50ml\/"},"modified":"2026-03-30T19:18:18","modified_gmt":"2026-03-30T16:18:18","slug":"mascarilla-iluminadora-instantanea-50ml","status":"publish","type":"product","link":"https:\/\/glamu.com.ua\/es\/tienda\/doglyad-para-oblychchyam\/maska-dlya-oblychchya\/mascarilla-iluminadora-instantanea-50ml\/","title":{"rendered":"Mascarilla Iluminadora Instant\u00e1nea 50ml"},"content":{"rendered":"<p>Esta mascarilla facial iluminadora devolver\u00e1 a su piel su brillo natural y saludable. Su f\u00f3rmula contiene extractos de ar\u00e1ndano, ca\u00f1a de az\u00facar, naranja, lim\u00f3n y arce. Son ricos en \u00e1cidos AHA naturales, que limpian la piel de c\u00e9lulas muertas, favorecen la renovaci\u00f3n epid\u00e9rmica e igualan el tono y el microrelieve del rostro. Las semillas de fresa de la mascarilla act\u00faan como un suave exfoliante, y el \u00e1cido glic\u00f3lico act\u00faa como un suave peeling iluminador.<\/p>","protected":false},"excerpt":{"rendered":"<p>Skeyndor Power C+ Mascarilla Iluminadora Instant\u00e1nea 50 ml<\/p>","protected":false},"featured_media":9083,"comment_status":"closed","ping_status":"closed","template":"","meta":{"_acf_changed":false},"product_brand":[],"product_cat":[82],"product_tag":[],"class_list":{"0":"post-2018","1":"product","2":"type-product","3":"status-publish","4":"has-post-thumbnail","6":"product_cat-maska-dlya-oblychchya","8":"first","9":"instock","10":"purchasable","11":"product-type-simple"},"acf":[],"_links":{"self":[{"href":"https:\/\/glamu.com.ua\/es\/wp-json\/wp\/v2\/product\/2018","targetHints":{"allow":["GET"]}}],"collection":[{"href":"https:\/\/glamu.com.ua\/es\/wp-json\/wp\/v2\/product"}],"about":[{"href":"https:\/\/glamu.com.ua\/es\/wp-json\/wp\/v2\/types\/product"}],"replies":[{"embeddable":true,"href":"https:\/\/glamu.com.ua\/es\/wp-json\/wp\/v2\/comments?post=2018"}],"version-history":[{"count":1,"href":"https:\/\/glamu.com.ua\/es\/wp-json\/wp\/v2\/product\/2018\/revisions"}],"predecessor-version":[{"id":7153,"href":"https:\/\/glamu.com.ua\/es\/wp-json\/wp\/v2\/product\/2018\/revisions\/7153"}],"wp:featuredmedia":[{"embeddable":true,"href":"https:\/\/glamu.com.ua\/es\/wp-json\/wp\/v2\/media\/9083"}],"wp:attachment":[{"href":"https:\/\/glamu.com.ua\/es\/wp-json\/wp\/v2\/media?parent=2018"}],"wp:term":[{"taxonomy":"product_brand","embeddable":true,"href":"https:\/\/glamu.com.ua\/es\/wp-json\/wp\/v2\/product_brand?post=2018"},{"taxonomy":"product_cat","embeddable":true,"href":"https:\/\/glamu.com.ua\/es\/wp-json\/wp\/v2\/product_cat?post=2018"},{"taxonomy":"product_tag","embeddable":true,"href":"https:\/\/glamu.com.ua\/es\/wp-json\/wp\/v2\/product_tag?post=2018"}],"curies":[{"name":"wp","href":"https:\/\/api.w.org\/{rel}","templated":true}]}}