{"id":1944,"date":"2025-09-09T11:49:03","date_gmt":"2025-09-09T08:49:03","guid":{"rendered":"https:\/\/glamu.com.ua\/shop\/\u0431\u0435\u0437%20\u043a\u0430\u0442\u0435\u0433\u043e\u0440\u0456\u0457\/7-days-post-peel-home-kit-01\/"},"modified":"2026-03-25T19:54:12","modified_gmt":"2026-03-25T17:54:12","slug":"7-dias-post-peeling-kit-casero-01","status":"publish","type":"product","link":"https:\/\/glamu.com.ua\/es\/tienda\/nabir\/nabir-dlya-oblychchya\/7-dias-post-peeling-kit-casero-01\/","title":{"rendered":"Kit 7 D\u00edas Post Peeling 01"},"content":{"rendered":"<p>El set contiene productos para la renovaci\u00f3n y regeneraci\u00f3n de la piel, as\u00ed como productos que restauran el microbioma cut\u00e1neo gracias a su composici\u00f3n multibi\u00f3tica. 1. Crema de Noche Multivitam\u00ednica, 10 ml - crema con ceramidas y un c\u00f3ctel de vitaminas. Promueve la renovaci\u00f3n natural de la piel y ayuda a reducir los signos de los cambios relacionados con la edad. 2. 2. Complejo Regenerador Multibi\u00f3tico, 10 ml - potenciador para la restauraci\u00f3n eficaz del microbioma cut\u00e1neo. Ayuda a restaurar la sensaci\u00f3n de confort de la piel despu\u00e9s de los procedimientos de sal\u00f3n. Contiene \u00e1cido hialur\u00f3nico de diferente peso molecular, betaglucanos, pre y postbi\u00f3ticos con actividad probi\u00f3tica. Estimula los mecanismos de defensa de la piel, forma una pel\u00edcula invisible que restaura, protege e hidrata eficazmente la piel. 3. Regenerating DD cream N\u00ba 01, 15 ml es una crema con FPS 50. Tiene un efecto complejo con efecto corrector del color para el cuidado diario del rostro. Unifica el tono de la piel y suaviza la superficie cut\u00e1nea, d\u00e1ndole un aspecto joven y saludable. Contiene \u00e1cido hialur\u00f3nico, vitamina E, antioxidantes y factores de protecci\u00f3n medioambiental. Perfecta para pieles que necesitan protecci\u00f3n adicional tras la exposici\u00f3n a factores externos agresivos como tratamientos con l\u00e1ser, exfoliaci\u00f3n, etc.<\/p>","protected":false},"excerpt":{"rendered":"<p>Kit post-peeling regenerador 7 d\u00edas, tono 1 Skeyndor Probiome Peel<\/p>","protected":false},"featured_media":8751,"comment_status":"closed","ping_status":"closed","template":"","meta":{"_acf_changed":false},"product_brand":[],"product_cat":[87],"product_tag":[],"class_list":{"0":"post-1944","1":"product","2":"type-product","3":"status-publish","4":"has-post-thumbnail","6":"product_cat-nabir-dlya-oblychchya","8":"first","9":"instock","10":"purchasable","11":"product-type-simple"},"acf":[],"_links":{"self":[{"href":"https:\/\/glamu.com.ua\/es\/wp-json\/wp\/v2\/product\/1944","targetHints":{"allow":["GET"]}}],"collection":[{"href":"https:\/\/glamu.com.ua\/es\/wp-json\/wp\/v2\/product"}],"about":[{"href":"https:\/\/glamu.com.ua\/es\/wp-json\/wp\/v2\/types\/product"}],"replies":[{"embeddable":true,"href":"https:\/\/glamu.com.ua\/es\/wp-json\/wp\/v2\/comments?post=1944"}],"version-history":[{"count":1,"href":"https:\/\/glamu.com.ua\/es\/wp-json\/wp\/v2\/product\/1944\/revisions"}],"predecessor-version":[{"id":7125,"href":"https:\/\/glamu.com.ua\/es\/wp-json\/wp\/v2\/product\/1944\/revisions\/7125"}],"wp:featuredmedia":[{"embeddable":true,"href":"https:\/\/glamu.com.ua\/es\/wp-json\/wp\/v2\/media\/8751"}],"wp:attachment":[{"href":"https:\/\/glamu.com.ua\/es\/wp-json\/wp\/v2\/media?parent=1944"}],"wp:term":[{"taxonomy":"product_brand","embeddable":true,"href":"https:\/\/glamu.com.ua\/es\/wp-json\/wp\/v2\/product_brand?post=1944"},{"taxonomy":"product_cat","embeddable":true,"href":"https:\/\/glamu.com.ua\/es\/wp-json\/wp\/v2\/product_cat?post=1944"},{"taxonomy":"product_tag","embeddable":true,"href":"https:\/\/glamu.com.ua\/es\/wp-json\/wp\/v2\/product_tag?post=1944"}],"curies":[{"name":"wp","href":"https:\/\/api.w.org\/{rel}","templated":true}]}}