{"id":1927,"date":"2025-09-09T11:49:03","date_gmt":"2025-09-09T08:49:03","guid":{"rendered":"https:\/\/glamu.com.ua\/shop\/\u0431\u0435\u0437%20\u043a\u0430\u0442\u0435\u0433\u043e\u0440\u0456\u0457\/urban-white-shield-hand-cream-75-ml\/"},"modified":"2026-03-29T22:35:49","modified_gmt":"2026-03-29T19:35:49","slug":"crema-de-manos-urban-white-shield-75-ml","status":"publish","type":"product","link":"https:\/\/glamu.com.ua\/es\/tienda\/doglyad-za-tilom\/doglyad-para-rukany-y-nogamy\/krem-dlya-ruk\/crema-de-manos-urban-white-shield-75-ml\/","title":{"rendered":"CREMA DE MANOS URBAN WHITE SHIELD 75 ML"},"content":{"rendered":"<p>La piel de las manos es la m\u00e1s afectada por la radiaci\u00f3n UV, pero con la Crema de Manos Iluminadora Protectora podr\u00e1s mantenerla en perfecto estado. El complejo de filtros solares, ingredientes hidratantes y abrillantadores cubrir\u00e1 todas las necesidades nutricionales de tu piel, eliminar\u00e1 las manchas de la edad existentes y prevendr\u00e1 la aparici\u00f3n de otras nuevas.<\/p>","protected":false},"excerpt":{"rendered":"<p>Skeyndor Crema de Manos Urban White Shield SPF15 75 ml<\/p>","protected":false},"featured_media":8922,"comment_status":"closed","ping_status":"closed","template":"","meta":{"_acf_changed":false},"product_brand":[],"product_cat":[85],"product_tag":[],"class_list":{"0":"post-1927","1":"product","2":"type-product","3":"status-publish","4":"has-post-thumbnail","6":"product_cat-krem-dlya-ruk","8":"first","9":"instock","10":"purchasable","11":"product-type-simple"},"acf":[],"_links":{"self":[{"href":"https:\/\/glamu.com.ua\/es\/wp-json\/wp\/v2\/product\/1927","targetHints":{"allow":["GET"]}}],"collection":[{"href":"https:\/\/glamu.com.ua\/es\/wp-json\/wp\/v2\/product"}],"about":[{"href":"https:\/\/glamu.com.ua\/es\/wp-json\/wp\/v2\/types\/product"}],"replies":[{"embeddable":true,"href":"https:\/\/glamu.com.ua\/es\/wp-json\/wp\/v2\/comments?post=1927"}],"version-history":[{"count":2,"href":"https:\/\/glamu.com.ua\/es\/wp-json\/wp\/v2\/product\/1927\/revisions"}],"predecessor-version":[{"id":8969,"href":"https:\/\/glamu.com.ua\/es\/wp-json\/wp\/v2\/product\/1927\/revisions\/8969"}],"wp:featuredmedia":[{"embeddable":true,"href":"https:\/\/glamu.com.ua\/es\/wp-json\/wp\/v2\/media\/8922"}],"wp:attachment":[{"href":"https:\/\/glamu.com.ua\/es\/wp-json\/wp\/v2\/media?parent=1927"}],"wp:term":[{"taxonomy":"product_brand","embeddable":true,"href":"https:\/\/glamu.com.ua\/es\/wp-json\/wp\/v2\/product_brand?post=1927"},{"taxonomy":"product_cat","embeddable":true,"href":"https:\/\/glamu.com.ua\/es\/wp-json\/wp\/v2\/product_cat?post=1927"},{"taxonomy":"product_tag","embeddable":true,"href":"https:\/\/glamu.com.ua\/es\/wp-json\/wp\/v2\/product_tag?post=1927"}],"curies":[{"name":"wp","href":"https:\/\/api.w.org\/{rel}","templated":true}]}}