{"id":1925,"date":"2025-09-09T11:49:03","date_gmt":"2025-09-09T08:49:03","guid":{"rendered":"https:\/\/glamu.com.ua\/shop\/\u0431\u0435\u0437%20\u043a\u0430\u0442\u0435\u0433\u043e\u0440\u0456\u0457\/urban-white-foaming-cleanser-150-ml\/"},"modified":"2026-03-29T22:34:37","modified_gmt":"2026-03-29T19:34:37","slug":"espuma-limpiadora-urban-white-150-ml","status":"publish","type":"product","link":"https:\/\/glamu.com.ua\/es\/tienda\/doglyad-za-tilom\/espuma-limpiadora-urban-white-150-ml\/","title":{"rendered":"ESPUMA LIMPIADORA URBAN WHITE 150 ML"},"content":{"rendered":"<p>La espuma limpiadora con \u00e1cido l\u00e1ctico para todo tipo de pieles elimina el sebo y las impurezas del rostro. Estimula la renovaci\u00f3n epid\u00e9rmica, combate la sequedad y las arrugas. Aclara las manchas pigmentarias, cicatriza los da\u00f1os, tensa la piel fl\u00e1cida y restaura un aspecto saludable. Adecuado para mujeres y hombres de todas las edades con cualquier tipo de piel.<\/p>","protected":false},"excerpt":{"rendered":"<p>Skeyndor Urban White Skin Espuma Limpiadora 150 ml con \u00e1cido l\u00e1ctico<\/p>","protected":false},"featured_media":8920,"comment_status":"closed","ping_status":"closed","template":"","meta":{"_acf_changed":false},"product_brand":[],"product_cat":[16],"product_tag":[],"class_list":{"0":"post-1925","1":"product","2":"type-product","3":"status-publish","4":"has-post-thumbnail","6":"product_cat-doglyad-za-tilom","8":"first","9":"instock","10":"purchasable","11":"product-type-simple"},"acf":[],"_links":{"self":[{"href":"https:\/\/glamu.com.ua\/es\/wp-json\/wp\/v2\/product\/1925","targetHints":{"allow":["GET"]}}],"collection":[{"href":"https:\/\/glamu.com.ua\/es\/wp-json\/wp\/v2\/product"}],"about":[{"href":"https:\/\/glamu.com.ua\/es\/wp-json\/wp\/v2\/types\/product"}],"replies":[{"embeddable":true,"href":"https:\/\/glamu.com.ua\/es\/wp-json\/wp\/v2\/comments?post=1925"}],"version-history":[{"count":1,"href":"https:\/\/glamu.com.ua\/es\/wp-json\/wp\/v2\/product\/1925\/revisions"}],"predecessor-version":[{"id":7118,"href":"https:\/\/glamu.com.ua\/es\/wp-json\/wp\/v2\/product\/1925\/revisions\/7118"}],"wp:featuredmedia":[{"embeddable":true,"href":"https:\/\/glamu.com.ua\/es\/wp-json\/wp\/v2\/media\/8920"}],"wp:attachment":[{"href":"https:\/\/glamu.com.ua\/es\/wp-json\/wp\/v2\/media?parent=1925"}],"wp:term":[{"taxonomy":"product_brand","embeddable":true,"href":"https:\/\/glamu.com.ua\/es\/wp-json\/wp\/v2\/product_brand?post=1925"},{"taxonomy":"product_cat","embeddable":true,"href":"https:\/\/glamu.com.ua\/es\/wp-json\/wp\/v2\/product_cat?post=1925"},{"taxonomy":"product_tag","embeddable":true,"href":"https:\/\/glamu.com.ua\/es\/wp-json\/wp\/v2\/product_tag?post=1925"}],"curies":[{"name":"wp","href":"https:\/\/api.w.org\/{rel}","templated":true}]}}