{"id":1910,"date":"2025-09-09T11:49:03","date_gmt":"2025-09-09T08:49:03","guid":{"rendered":"https:\/\/glamu.com.ua\/shop\/\u0431\u0435\u0437%20\u043a\u0430\u0442\u0435\u0433\u043e\u0440\u0456\u0457\/men-daily-detox-face-wash-150-ml\/"},"modified":"2026-03-29T22:30:11","modified_gmt":"2026-03-29T19:30:11","slug":"men-daily-detox-face-wash-150-ml","status":"publish","type":"product","link":"https:\/\/glamu.com.ua\/es\/tienda\/doglyad-za-tilom\/men-daily-detox-face-wash-150-ml\/","title":{"rendered":"MEN DAILY DETOX FACE WASH 150 ML"},"content":{"rendered":"<p>La Mousse Limpiadora Triple Acci\u00f3n es la elecci\u00f3n perfecta para los hombres que buscan una experiencia de limpieza profunda de alta calidad. Gracias a una sofisticada f\u00f3rmula con \u00e1cido glic\u00f3lico y un complejo de agentes limpiadores suaves, esta mousse elimina eficazmente las impurezas y el exceso de sebo, al tiempo que proporciona un cuidado suave y una renovaci\u00f3n celular. El producto es adecuado para uso diario, ayudando a mantener un aspecto fresco y saludable y previniendo la aparici\u00f3n de brillos grasos.<\/p>","protected":false},"excerpt":{"rendered":"<p>Skeyndor Men Daily Detox Face Wash Mousse Limpiadora Triple Acci\u00f3n 150 ml<\/p>","protected":false},"featured_media":8910,"comment_status":"closed","ping_status":"closed","template":"","meta":{"_acf_changed":false},"product_brand":[],"product_cat":[16],"product_tag":[],"class_list":{"0":"post-1910","1":"product","2":"type-product","3":"status-publish","4":"has-post-thumbnail","6":"product_cat-doglyad-za-tilom","8":"first","9":"instock","10":"purchasable","11":"product-type-simple"},"acf":[],"_links":{"self":[{"href":"https:\/\/glamu.com.ua\/es\/wp-json\/wp\/v2\/product\/1910","targetHints":{"allow":["GET"]}}],"collection":[{"href":"https:\/\/glamu.com.ua\/es\/wp-json\/wp\/v2\/product"}],"about":[{"href":"https:\/\/glamu.com.ua\/es\/wp-json\/wp\/v2\/types\/product"}],"replies":[{"embeddable":true,"href":"https:\/\/glamu.com.ua\/es\/wp-json\/wp\/v2\/comments?post=1910"}],"version-history":[{"count":2,"href":"https:\/\/glamu.com.ua\/es\/wp-json\/wp\/v2\/product\/1910\/revisions"}],"predecessor-version":[{"id":9191,"href":"https:\/\/glamu.com.ua\/es\/wp-json\/wp\/v2\/product\/1910\/revisions\/9191"}],"wp:featuredmedia":[{"embeddable":true,"href":"https:\/\/glamu.com.ua\/es\/wp-json\/wp\/v2\/media\/8910"}],"wp:attachment":[{"href":"https:\/\/glamu.com.ua\/es\/wp-json\/wp\/v2\/media?parent=1910"}],"wp:term":[{"taxonomy":"product_brand","embeddable":true,"href":"https:\/\/glamu.com.ua\/es\/wp-json\/wp\/v2\/product_brand?post=1910"},{"taxonomy":"product_cat","embeddable":true,"href":"https:\/\/glamu.com.ua\/es\/wp-json\/wp\/v2\/product_cat?post=1910"},{"taxonomy":"product_tag","embeddable":true,"href":"https:\/\/glamu.com.ua\/es\/wp-json\/wp\/v2\/product_tag?post=1910"}],"curies":[{"name":"wp","href":"https:\/\/api.w.org\/{rel}","templated":true}]}}