{"id":1899,"date":"2025-09-09T11:49:03","date_gmt":"2025-09-09T08:49:03","guid":{"rendered":"https:\/\/glamu.com.ua\/shop\/\u0431\u0435\u0437%20\u043a\u0430\u0442\u0435\u0433\u043e\u0440\u0456\u0457\/aquatherm-delicate-cleansing-milk-250-ml\/"},"modified":"2026-03-30T18:33:58","modified_gmt":"2026-03-30T15:33:58","slug":"aquatherm-leche-limpiadora-delicada-250-ml","status":"publish","type":"product","link":"https:\/\/glamu.com.ua\/es\/tienda\/doglyad-za-tilom\/aquatherm-leche-limpiadora-delicada-250-ml\/","title":{"rendered":"AQUATHERM LECHE LIMPIADORA DELICADA 250 ML"},"content":{"rendered":"<p>La leche limpiadora suave para pieles sensibles elimina los restos de maquillaje y otras impurezas del rostro. No contiene tensioactivos agresivos, no provoca sequedad ni irritaci\u00f3n. Mejora las propiedades de barrera de la piel, inhibe la actividad de las bacterias pat\u00f3genas y cura los da\u00f1os. Adecuado para mujeres y hombres de cualquier edad y con cualquier tipo de piel.<\/p>","protected":false},"excerpt":{"rendered":"<p>Skeyndor Aquatherm Leche Limpiadora Delicada 250 ml<\/p>","protected":false},"featured_media":9008,"comment_status":"closed","ping_status":"closed","template":"","meta":{"_acf_changed":false},"product_brand":[],"product_cat":[16],"product_tag":[],"class_list":{"0":"post-1899","1":"product","2":"type-product","3":"status-publish","4":"has-post-thumbnail","6":"product_cat-doglyad-za-tilom","8":"first","9":"instock","10":"purchasable","11":"product-type-simple"},"acf":[],"_links":{"self":[{"href":"https:\/\/glamu.com.ua\/es\/wp-json\/wp\/v2\/product\/1899","targetHints":{"allow":["GET"]}}],"collection":[{"href":"https:\/\/glamu.com.ua\/es\/wp-json\/wp\/v2\/product"}],"about":[{"href":"https:\/\/glamu.com.ua\/es\/wp-json\/wp\/v2\/types\/product"}],"replies":[{"embeddable":true,"href":"https:\/\/glamu.com.ua\/es\/wp-json\/wp\/v2\/comments?post=1899"}],"version-history":[{"count":1,"href":"https:\/\/glamu.com.ua\/es\/wp-json\/wp\/v2\/product\/1899\/revisions"}],"predecessor-version":[{"id":7109,"href":"https:\/\/glamu.com.ua\/es\/wp-json\/wp\/v2\/product\/1899\/revisions\/7109"}],"wp:featuredmedia":[{"embeddable":true,"href":"https:\/\/glamu.com.ua\/es\/wp-json\/wp\/v2\/media\/9008"}],"wp:attachment":[{"href":"https:\/\/glamu.com.ua\/es\/wp-json\/wp\/v2\/media?parent=1899"}],"wp:term":[{"taxonomy":"product_brand","embeddable":true,"href":"https:\/\/glamu.com.ua\/es\/wp-json\/wp\/v2\/product_brand?post=1899"},{"taxonomy":"product_cat","embeddable":true,"href":"https:\/\/glamu.com.ua\/es\/wp-json\/wp\/v2\/product_cat?post=1899"},{"taxonomy":"product_tag","embeddable":true,"href":"https:\/\/glamu.com.ua\/es\/wp-json\/wp\/v2\/product_tag?post=1899"}],"curies":[{"name":"wp","href":"https:\/\/api.w.org\/{rel}","templated":true}]}}