{"id":1894,"date":"2025-09-09T11:49:03","date_gmt":"2025-09-09T08:49:03","guid":{"rendered":"https:\/\/glamu.com.ua\/shop\/\u0431\u0435\u0437%20\u043a\u0430\u0442\u0435\u0433\u043e\u0440\u0456\u0457\/global-lift-lift-definition-eye-contour-cream-15-ml\/"},"modified":"2026-03-30T19:08:18","modified_gmt":"2026-03-30T16:08:18","slug":"global-lift-crema-contorno-de-ojos-definicion-15-ml","status":"publish","type":"product","link":"https:\/\/glamu.com.ua\/es\/tienda\/doglyad-para-oblychchyam\/crema\/krem-dlya-oblychchya\/global-lift-crema-contorno-de-ojos-definicion-15-ml\/","title":{"rendered":"GLOBAL LIFT crema contorno de ojos lift definition 15 ml"},"content":{"rendered":"<p>Una crema lifting para el contorno de ojos, creada espec\u00edficamente para el cuidado intensivo de la piel madura. Su f\u00f3rmula \u00fanica impresiona con un complejo de ingredientes activos que act\u00faan para mejorar la elasticidad de la piel e hidratarla en profundidad.<\/p>","protected":false},"excerpt":{"rendered":"<p>Skeyndor Lift Definition Crema Contorno de Ojos 15 ml<\/p>","protected":false},"featured_media":9073,"comment_status":"closed","ping_status":"closed","template":"","meta":{"_acf_changed":false},"product_brand":[],"product_cat":[79],"product_tag":[],"class_list":{"0":"post-1894","1":"product","2":"type-product","3":"status-publish","4":"has-post-thumbnail","6":"product_cat-krem-dlya-oblychchya","8":"first","9":"instock","10":"purchasable","11":"product-type-simple"},"acf":[],"_links":{"self":[{"href":"https:\/\/glamu.com.ua\/es\/wp-json\/wp\/v2\/product\/1894","targetHints":{"allow":["GET"]}}],"collection":[{"href":"https:\/\/glamu.com.ua\/es\/wp-json\/wp\/v2\/product"}],"about":[{"href":"https:\/\/glamu.com.ua\/es\/wp-json\/wp\/v2\/types\/product"}],"replies":[{"embeddable":true,"href":"https:\/\/glamu.com.ua\/es\/wp-json\/wp\/v2\/comments?post=1894"}],"version-history":[{"count":1,"href":"https:\/\/glamu.com.ua\/es\/wp-json\/wp\/v2\/product\/1894\/revisions"}],"predecessor-version":[{"id":7107,"href":"https:\/\/glamu.com.ua\/es\/wp-json\/wp\/v2\/product\/1894\/revisions\/7107"}],"wp:featuredmedia":[{"embeddable":true,"href":"https:\/\/glamu.com.ua\/es\/wp-json\/wp\/v2\/media\/9073"}],"wp:attachment":[{"href":"https:\/\/glamu.com.ua\/es\/wp-json\/wp\/v2\/media?parent=1894"}],"wp:term":[{"taxonomy":"product_brand","embeddable":true,"href":"https:\/\/glamu.com.ua\/es\/wp-json\/wp\/v2\/product_brand?post=1894"},{"taxonomy":"product_cat","embeddable":true,"href":"https:\/\/glamu.com.ua\/es\/wp-json\/wp\/v2\/product_cat?post=1894"},{"taxonomy":"product_tag","embeddable":true,"href":"https:\/\/glamu.com.ua\/es\/wp-json\/wp\/v2\/product_tag?post=1894"}],"curies":[{"name":"wp","href":"https:\/\/api.w.org\/{rel}","templated":true}]}}