{"id":3,"date":"2025-07-07T08:05:35","date_gmt":"2025-07-07T08:05:35","guid":{"rendered":"https:\/\/glamu.com.ua\/?page_id=3"},"modified":"2025-08-25T14:42:45","modified_gmt":"2025-08-25T11:42:45","slug":"politica-de-privacidad","status":"publish","type":"page","link":"https:\/\/glamu.com.ua\/es\/politica-de-privacidad\/","title":{"rendered":"Pol\u00edtica de privacidad"},"content":{"rendered":"<div data-elementor-type=\"wp-page\" data-elementor-id=\"3\" class=\"elementor elementor-3\" data-elementor-post-type=\"page\">\n\t\t\t\t<div class=\"elementor-element elementor-element-cd0e198 e-con-full wd-section-stretch-content e-flex e-con e-parent\" data-id=\"cd0e198\" data-element_type=\"container\" data-e-type=\"container\">\n\t\t\t\t<div class=\"elementor-element elementor-element-35a8b7b elementor-widget elementor-widget-woocommerce-breadcrumb\" data-id=\"35a8b7b\" data-element_type=\"widget\" data-e-type=\"widget\" data-widget_type=\"woocommerce-breadcrumb.default\">\n\t\t\t\t\t<nav class=\"wd-breadcrumbs woocommerce-breadcrumb\" aria-label=\"Migas de pan\">\t\t\t\t<span class=\"wd-last\">\n\t\t\t\t\tInicio\t\t\t\t<\/span>\n\t\t\t<\/nav>\t\t\t\t<\/div>\n\t\t\t\t<div class=\"elementor-element elementor-element-b739049 elementor-widget elementor-widget-heading\" data-id=\"b739049\" data-element_type=\"widget\" data-e-type=\"widget\" data-widget_type=\"heading.default\">\n\t\t\t\t\t<h2 class=\"elementor-heading-title elementor-size-default\">Pol\u00edtica de privacidad<\/h2>\t\t\t\t<\/div>\n\t\t\t\t<div class=\"elementor-element elementor-element-602ac9c elementor-widget elementor-widget-heading\" data-id=\"602ac9c\" data-element_type=\"widget\" data-e-type=\"widget\" data-widget_type=\"heading.default\">\n\t\t\t\t\t<p class=\"elementor-heading-title elementor-size-default\"><span style=\"font-weight: 400\">1. 1. Disposiciones generales<\/span><\/p>\t\t\t\t<\/div>\n\t\t\t\t<div class=\"elementor-element elementor-element-e7daa06 color-scheme-inherit text-left elementor-widget elementor-widget-text-editor\" data-id=\"e7daa06\" data-element_type=\"widget\" data-e-type=\"widget\" data-widget_type=\"text-editor.default\">\n\t\t\t\t\t\t\t\t\t<p><span style=\"font-weight: 400;\">La presente pol\u00edtica de tratamiento de datos personales ha sido elaborada de conformidad con los requisitos de la Ley de Ucrania \u00abSobre datos personales\u00bb y define el procedimiento de tratamiento de datos personales y las medidas para garantizar la seguridad de los datos personales de la empresaria individual Iryna Skiba Ol\u00e9.<\/span><span style=\"font-weight: 400;\">givens, RNOCPD - 3300609380 (en lo sucesivo, \"el Operador\").<br \/><\/span><span style=\"font-size: 14px; font-weight: 400;\"><br \/>El Operador establece como objetivo y condici\u00f3n m\u00e1s importante para el desarrollo de sus actividades la observancia de los derechos y libertades humanas y civiles en el tratamiento de los datos personales, en particular la protecci\u00f3n de los derechos a la intimidad, al secreto personal y familiar<br \/><\/span><span style=\"font-size: 14px; font-weight: 400;\"><br \/>La pol\u00edtica de este Operador en materia de tratamiento de datos personales (en lo sucesivo, la Pol\u00edtica) se aplica a<\/span><span style=\"font-size: 14px; font-weight: 400;\">se aplica a toda la informaci\u00f3n que el Operador pueda recibir sobre los visitantes del sitio web <\/span><span style=\"font-size: 14px; font-weight: 400;\">https:\/\/glamu.com.ua\/<\/span><span style=\"font-size: 14px; font-weight: 400;\"> (y en<\/span><span style=\"font-size: 14px; font-weight: 400;\">todos los subdominios).<\/span><\/p>\t\t\t\t\t\t\t\t<\/div>\n\t\t\t\t<div class=\"elementor-element elementor-element-ecd2d30 elementor-widget elementor-widget-heading\" data-id=\"ecd2d30\" data-element_type=\"widget\" data-e-type=\"widget\" data-widget_type=\"heading.default\">\n\t\t\t\t\t<p class=\"elementor-heading-title elementor-size-default\"><span style=\"font-weight: 400\">2. T\u00e9rminos clave de la pol\u00edtica<\/span><\/p>\t\t\t\t<\/div>\n\t\t\t\t<div class=\"elementor-element elementor-element-91c9156 color-scheme-inherit text-left elementor-widget elementor-widget-text-editor\" data-id=\"91c9156\" data-element_type=\"widget\" data-e-type=\"widget\" data-widget_type=\"text-editor.default\">\n\t\t\t\t\t\t\t\t\t<p><span style=\"font-weight: 400;\">Tratamiento automatizado de datos personales: tratamiento de datos personales mediante tecnolog\u00eda inform\u00e1tica;<br \/><\/span><span style=\"font-size: 14px; font-weight: 400;\"><br \/>El bloqueo de datos personales es una suspensi\u00f3n temporal del tratamiento de datos personales (excepto cuando el tratamiento es necesario para aclarar datos personales);<br \/><\/span><span style=\"font-size: 14px; font-weight: 400;\"><br \/>Sitio web: conjunto de materiales gr\u00e1ficos e informativos, as\u00ed como programas inform\u00e1ticos de bases de datos, que garantizan su disponibilidad en Internet en direcciones de red. <\/span><span style=\"font-size: 14px; font-weight: 400;\">https:\/\/glamu.com.ua\/<\/span><span style=\"font-size: 14px; font-weight: 400;\"> (y <\/span><span style=\"font-size: 14px; font-weight: 400;\">todos los subdominios).<br \/><\/span><span style=\"font-size: 14px; font-weight: 400;\"><br \/>Por sistema de informaci\u00f3n de datos personales se entiende un conjunto de datos personales contenidos en bases de datos y que garantizan su tratamiento con ayuda de tecnolog\u00edas de la informaci\u00f3n y medios t\u00e9cnicos;<br \/><\/span><span style=\"font-size: 14px; font-weight: 400;\"><br \/>Despersonalizaci\u00f3n de datos personales: acciones que hacen imposible determinar la titularidad de los datos personales por parte de un usuario concreto u otro sujeto de datos personales sin el uso de informaci\u00f3n adicional;<br \/><\/span><span style=\"font-size: 14px; font-weight: 400;\"><br \/>Por tratamiento de datos personales se entiende cualquier acci\u00f3n (operaci\u00f3n) o conjunto de acciones (operaciones) realizadas con el uso de herramientas de automatizaci\u00f3n o sin el uso de dichas herramientas con datos personales, incluida la recogida, registro, sistematizaci\u00f3n, acumulaci\u00f3n, almacenamiento, aclaraci\u00f3n (actualizaci\u00f3n, modificaci\u00f3n), extracci\u00f3n, uso, transferencia (distribuci\u00f3n, suministro, acceso), despersonalizaci\u00f3n, bloqueo, supresi\u00f3n, destrucci\u00f3n de datos personales;<br \/><\/span><span style=\"font-size: 14px; font-weight: 400;\"><br \/>Operador - organismo estatal, municipal, persona jur\u00eddica o f\u00edsica que, de forma independiente o conjuntamente con otras personas, organiza y\/o trata datos personales, as\u00ed como determina los fines del tratamiento de datos personales, la composici\u00f3n de los datos personales que se van a tratar, las acciones (operaciones) realizadas con los datos personales.<br \/><\/span><span style=\"font-size: 14px; font-weight: 400;\"><br \/>Datos personales: cualquier informaci\u00f3n relacionada directa o indirectamente con un usuario espec\u00edfico o identificable del sitio web.<\/span><span style=\"font-size: 14px; font-weight: 400;\">en https:\/\/glamu.com.ua\/;<br \/><\/span><span style=\"font-size: 14px; font-weight: 400;\"><br \/>Usuario: cualquier visitante del sitio web<\/span><span style=\"font-size: 14px; font-weight: 400;\">que <\/span><span style=\"font-size: 14px; font-weight: 400;\">https:\/\/glamu.com.ua\/<\/span><span style=\"font-size: 14px; font-weight: 400;\">;<br \/><\/span><span style=\"font-size: 14px; font-weight: 400;\"><br \/>Suministro de datos personales: acciones destinadas a revelar datos personales a una determinada persona o a un determinado c\u00edrculo de personas;<br \/><\/span><span style=\"font-size: 14px; font-weight: 400;\"><br \/>Difusi\u00f3n de datos personales: cualquier acci\u00f3n destinada a revelar datos personales a un n\u00famero indefinido de personas (transferencia de datos personales) o a familiarizar a un n\u00famero ilimitado de personas con datos personales, incluida la divulgaci\u00f3n de datos personales en los medios de comunicaci\u00f3n, la publicaci\u00f3n en redes de informaci\u00f3n y telecomunicaciones o la facilitaci\u00f3n del acceso a datos personales de cualquier otra forma;<br \/><\/span><span style=\"font-size: 14px; font-weight: 400;\"><br \/>La transferencia transfronteriza de datos personales es la transferencia de datos personales al territorio de un Estado extranjero a una autoridad gubernamental extranjera, una persona f\u00edsica extranjera o una entidad jur\u00eddica extranjera;<br \/><\/span><span style=\"font-size: 14px; font-weight: 400;\"><br \/>Destrucci\u00f3n de datos personales: cualquier acci\u00f3n como resultado de la cual se destruyan irrevocablemente datos personales con la imposibilidad de restablecer el contenido de los datos personales en el sistema de informaci\u00f3n de datos personales y (o) como resultado de la cual se destruyan soportes materiales de datos personales.<\/span><\/p>\t\t\t\t\t\t\t\t<\/div>\n\t\t\t\t<div class=\"elementor-element elementor-element-5ff9cca elementor-widget elementor-widget-heading\" data-id=\"5ff9cca\" data-element_type=\"widget\" data-e-type=\"widget\" data-widget_type=\"heading.default\">\n\t\t\t\t\t<p class=\"elementor-heading-title elementor-size-default\">3. El Operador puede procesar los siguientes datos personales del Usuario:<span style=\"font-family: Manrope, sans-serif;font-size: 22px;font-weight: 400\"><\/span><\/p>\t\t\t\t<\/div>\n\t\t\t\t<div class=\"elementor-element elementor-element-e657f33 color-scheme-inherit text-left elementor-widget elementor-widget-text-editor\" data-id=\"e657f33\" data-element_type=\"widget\" data-e-type=\"widget\" data-widget_type=\"text-editor.default\">\n\t\t\t\t\t\t\t\t\t<ul><li style=\"font-weight: 400;\" aria-level=\"1\"><span style=\"font-weight: 400;\">Apellidos, nombre;<\/span><\/li><li style=\"font-weight: 400;\" aria-level=\"1\"><span style=\"font-weight: 400;\">Direcci\u00f3n de correo electr\u00f3nico;<\/span><\/li><li style=\"font-weight: 400;\" aria-level=\"1\"><span style=\"font-weight: 400;\">N\u00famero de tel\u00e9fono.<\/span><\/li><li style=\"font-weight: 400;\" aria-level=\"1\"><span style=\"font-weight: 400;\">la direcci\u00f3n de entrega de las Mercanc\u00edas;<\/span><\/li><li style=\"font-weight: 400;\" aria-level=\"1\"><span style=\"font-weight: 400;\">lugar de residencia del Usuario<br \/><\/span><br \/>Los datos anteriores se denominar\u00e1n en lo sucesivo en la Pol\u00edtica Datos Personales.<\/li><\/ul>\t\t\t\t\t\t\t\t<\/div>\n\t\t\t\t<div class=\"elementor-element elementor-element-f399cc3 elementor-widget elementor-widget-heading\" data-id=\"f399cc3\" data-element_type=\"widget\" data-e-type=\"widget\" data-widget_type=\"heading.default\">\n\t\t\t\t\t<p class=\"elementor-heading-title elementor-size-default\">4. Finalidades del tratamiento de datos personales<\/p>\t\t\t\t<\/div>\n\t\t\t\t<div class=\"elementor-element elementor-element-e9263bb color-scheme-inherit text-left elementor-widget elementor-widget-text-editor\" data-id=\"e9263bb\" data-element_type=\"widget\" data-e-type=\"widget\" data-widget_type=\"text-editor.default\">\n\t\t\t\t\t\t\t\t\t<p><span style=\"font-weight: 400;\">La finalidad del tratamiento de los datos personales del Usuario es informar al Usuario mediante el env\u00edo de correos electr\u00f3nicos; celebrar, ejecutar y rescindir contratos de derecho civil; facilitar al Usuario el acceso a servicios, informaci\u00f3n y\/o materiales contenidos en el sitio web.<br \/><\/span><span style=\"font-size: 14px; font-weight: 400;\"><br \/>El Operador tambi\u00e9n tiene derecho a enviar al Usuario notificaciones sobre nuevos productos y servicios, ofertas especiales y eventos diversos. El Usuario siempre puede negarse a recibir mensajes informativos enviando una carta al Operador a la siguiente direcci\u00f3n de correo electr\u00f3nico<\/span><span style=\"font-size: 14px; font-weight: 400;\">usted glamuua@gmail.com de a<\/span><span style=\"font-size: 14px; font-weight: 400;\">marcada \u00abExclusi\u00f3n de notificaciones sobre nuevos productos y servicios y ofertas especiales\u00bb.<br \/><\/span><span style=\"font-size: 14px; font-weight: 400;\"><br \/>Los datos an\u00f3nimos de los Usuarios recogidos a trav\u00e9s de los servicios de estad\u00edsticas de Internet se utilizan para recopilar informaci\u00f3n sobre las acciones de los Usuarios en el sitio web, mejorar la calidad del sitio web y su contenido.<\/span><\/p>\t\t\t\t\t\t\t\t<\/div>\n\t\t\t\t<div class=\"elementor-element elementor-element-624a8cd elementor-widget elementor-widget-heading\" data-id=\"624a8cd\" data-element_type=\"widget\" data-e-type=\"widget\" data-widget_type=\"heading.default\">\n\t\t\t\t\t<p class=\"elementor-heading-title elementor-size-default\">5. Fundamento jur\u00eddico del tratamiento de datos personales<\/p>\t\t\t\t<\/div>\n\t\t\t\t<div class=\"elementor-element elementor-element-b91f84a color-scheme-inherit text-left elementor-widget elementor-widget-text-editor\" data-id=\"b91f84a\" data-element_type=\"widget\" data-e-type=\"widget\" data-widget_type=\"text-editor.default\">\n\t\t\t\t\t\t\t\t\t<p>El Operador procesa los datos personales del Usuario s\u00f3lo si son rellenados y\/o enviados por el Usuario de forma independiente a trav\u00e9s de formularios especiales ubicados en el sitio web https:\/\/glamu.com.ua\/.<br \/><br \/>Al rellenar los formularios pertinentes y\/o enviar sus datos personales al Operador, el Usuario acepta esta Pol\u00edtica.<br \/><br \/>El Operador procesa datos impersonales sobre el Usuario si est\u00e1 permitido en la configuraci\u00f3n del navegador del Usuario (las cookies y la tecnolog\u00eda JavaScript est\u00e1n habilitadas).<\/p>\t\t\t\t\t\t\t\t<\/div>\n\t\t\t\t<div class=\"elementor-element elementor-element-16fcb3e elementor-widget elementor-widget-heading\" data-id=\"16fcb3e\" data-element_type=\"widget\" data-e-type=\"widget\" data-widget_type=\"heading.default\">\n\t\t\t\t\t<p class=\"elementor-heading-title elementor-size-default\">6. Procedimiento de recogida, almacenamiento, transferencia y otros tipos de tratamiento de datos personales<\/p>\t\t\t\t<\/div>\n\t\t\t\t<div class=\"elementor-element elementor-element-1f086b9 color-scheme-inherit text-left elementor-widget elementor-widget-text-editor\" data-id=\"1f086b9\" data-element_type=\"widget\" data-e-type=\"widget\" data-widget_type=\"text-editor.default\">\n\t\t\t\t\t\t\t\t\t<p>La seguridad de los datos personales tratados por el Operador se garantiza mediante la aplicaci\u00f3n de las medidas legales, organizativas y t\u00e9cnicas necesarias para cumplir plenamente los requisitos de la legislaci\u00f3n vigente en materia de protecci\u00f3n de datos personales.<br><span style=\"font-size: 14px;\"><br>El Operador garantiza la seguridad de los datos personales y toma todas las medidas posibles para impedir el acceso a los datos personales por parte de personas no autorizadas.<br><\/span><span style=\"font-size: 14px;\"><br>Los datos personales del Usuario nunca, bajo ninguna circunstancia, ser\u00e1n cedidos a terceros, salvo en los casos relacionados con la aplicaci\u00f3n de la legislaci\u00f3n aplicable.<br><\/span><span style=\"font-size: 14px;\"><br>En caso de inexactitudes en los datos personales, el Usuario puede actualizarlos de forma independiente enviando una notificaci\u00f3n al Operador a la direcci\u00f3n de correo electr\u00f3nico del Operador glamuua@gmail.com marcada como \u00abActualizaci\u00f3n de datos personales\u00bb.<br><\/span><span style=\"font-size: 14px;\"><br>El periodo de tratamiento de los datos personales es ilimitado. El Usuario puede retirar en cualquier momento su consentimiento para el tratamiento de datos personales enviando una notificaci\u00f3n al Operador por correo electr\u00f3nico a la direcci\u00f3n de correo electr\u00f3nico del Operador glamuua@gmail.com marcada como \u00abRetirada del consentimiento para el tratamiento de datos personales\u00bb.<\/span><\/p>\t\t\t\t\t\t\t\t<\/div>\n\t\t\t\t<div class=\"elementor-element elementor-element-c65a625 elementor-widget elementor-widget-heading\" data-id=\"c65a625\" data-element_type=\"widget\" data-e-type=\"widget\" data-widget_type=\"heading.default\">\n\t\t\t\t\t<p class=\"elementor-heading-title elementor-size-default\">7. Transferencia transfronteriza de datos personales<\/p>\t\t\t\t<\/div>\n\t\t\t\t<div class=\"elementor-element elementor-element-f8da654 color-scheme-inherit text-left elementor-widget elementor-widget-text-editor\" data-id=\"f8da654\" data-element_type=\"widget\" data-e-type=\"widget\" data-widget_type=\"text-editor.default\">\n\t\t\t\t\t\t\t\t\t<p>Antes de iniciar la transferencia transfronteriza de datos personales, el operador debe asegurarse de que el Estado extranjero a cuyo territorio se va a realizar la transferencia de datos personales garantiza una protecci\u00f3n fiable de los derechos de los interesados.<br \/><br \/>La transferencia transfronteriza de datos personales en el territorio de pa\u00edses extranjeros que no cumplan los requisitos anteriores s\u00f3lo podr\u00e1 llevarse a cabo si el interesado da su consentimiento por escrito a la transferencia transfronteriza de sus datos personales y\/o a la ejecuci\u00f3n de un acuerdo en el que el interesado sea parte.<\/p>\t\t\t\t\t\t\t\t<\/div>\n\t\t\t\t<div class=\"elementor-element elementor-element-1943a76 elementor-widget elementor-widget-heading\" data-id=\"1943a76\" data-element_type=\"widget\" data-e-type=\"widget\" data-widget_type=\"heading.default\">\n\t\t\t\t\t<p class=\"elementor-heading-title elementor-size-default\">8. 8. Disposiciones finales<\/p>\t\t\t\t<\/div>\n\t\t\t\t<div class=\"elementor-element elementor-element-b6f76eb color-scheme-inherit text-left elementor-widget elementor-widget-text-editor\" data-id=\"b6f76eb\" data-element_type=\"widget\" data-e-type=\"widget\" data-widget_type=\"text-editor.default\">\n\t\t\t\t\t\t\t\t\t<p>El Usuario podr\u00e1 recibir cualquier aclaraci\u00f3n sobre cuestiones relacionadas con el tratamiento de sus datos personales poni\u00e9ndose en contacto con el Operador a trav\u00e9s del correo electr\u00f3nico glamuua@gmail.com.<br \/><br \/>Este documento reflejar\u00e1 cualquier cambio en la pol\u00edtica de tratamiento de datos personales del Operador. La Pol\u00edtica es v\u00e1lida indefinidamente hasta que sea sustituida por una nueva versi\u00f3n.<br \/><br \/>La versi\u00f3n actual de la Pol\u00edtica est\u00e1 disponible gratuitamente en Internet, en la direcci\u00f3n https:\/\/glamu.com.ua\/privacy-policy\/.<\/p>\t\t\t\t\t\t\t\t<\/div>\n\t\t\t\t<\/div>\n\t\t\t\t<\/div>","protected":false},"excerpt":{"rendered":"<p>\u041f\u043e\u043b\u0456\u0442\u0438\u043a\u0430 \u043a\u043e\u043d\u0444\u0456\u0434\u0435\u043d\u0446\u0456\u0439\u043d\u043e\u0441\u0442\u0456 1. \u0417\u0430\u0433\u0430\u043b\u044c\u043d\u0456 \u043f\u043e\u043b\u043e\u0436\u0435\u043d\u043d\u044f \u0414\u0430\u043d\u0430 \u043f\u043e\u043b\u0456\u0442\u0438\u043a\u0430 \u043e\u0431\u0440\u043e\u0431\u043a\u0438 \u043f\u0435\u0440\u0441\u043e\u043d\u0430\u043b\u044c\u043d\u0438\u0445 \u0434\u0430\u043d\u0438\u0445 \u0441\u043a\u043b\u0430\u0434\u0435\u043d\u0430 \u0432\u0456\u0434\u043f\u043e\u0432\u0456\u0434\u043d\u043e \u0434\u043e \u0432\u0438\u043c\u043e\u0433 \u0417\u0430\u043a\u043e\u043d\u0443 \u0423\u043a\u0440\u0430\u0457\u043d\u0438 \u00ab\u041f\u0440\u043e \u043f\u0435\u0440\u0441\u043e\u043d\u0430\u043b\u044c\u043d\u0456 \u0434\u0430\u043d\u0456\u00bb \u0442\u0430<\/p>","protected":false},"author":1,"featured_media":0,"parent":0,"menu_order":0,"comment_status":"closed","ping_status":"closed","template":"","meta":{"_acf_changed":false,"footnotes":""},"class_list":["post-3","page","type-page","status-publish","hentry"],"acf":[],"_links":{"self":[{"href":"https:\/\/glamu.com.ua\/es\/wp-json\/wp\/v2\/pages\/3","targetHints":{"allow":["GET"]}}],"collection":[{"href":"https:\/\/glamu.com.ua\/es\/wp-json\/wp\/v2\/pages"}],"about":[{"href":"https:\/\/glamu.com.ua\/es\/wp-json\/wp\/v2\/types\/page"}],"author":[{"embeddable":true,"href":"https:\/\/glamu.com.ua\/es\/wp-json\/wp\/v2\/users\/1"}],"replies":[{"embeddable":true,"href":"https:\/\/glamu.com.ua\/es\/wp-json\/wp\/v2\/comments?post=3"}],"version-history":[{"count":0,"href":"https:\/\/glamu.com.ua\/es\/wp-json\/wp\/v2\/pages\/3\/revisions"}],"wp:attachment":[{"href":"https:\/\/glamu.com.ua\/es\/wp-json\/wp\/v2\/media?parent=3"}],"curies":[{"name":"wp","href":"https:\/\/api.w.org\/{rel}","templated":true}]}}