{"id":187,"date":"2025-07-09T11:51:13","date_gmt":"2025-07-09T08:51:13","guid":{"rendered":"https:\/\/glamu.com.ua\/?page_id=187"},"modified":"2025-08-21T18:29:01","modified_gmt":"2025-08-21T15:29:01","slug":"dostavka-y-oplata","status":"publish","type":"page","link":"https:\/\/glamu.com.ua\/es\/dostavka-y-oplata\/","title":{"rendered":"Env\u00edo y pago"},"content":{"rendered":"<div data-elementor-type=\"wp-page\" data-elementor-id=\"187\" class=\"elementor elementor-187\" data-elementor-post-type=\"page\">\n\t\t\t\t<div class=\"elementor-element elementor-element-f7e5907 e-con-full wd-section-stretch-content e-flex e-con e-parent\" data-id=\"f7e5907\" data-element_type=\"container\" data-e-type=\"container\">\n\t\t\t\t<div class=\"elementor-element elementor-element-4ee75ec elementor-widget elementor-widget-woocommerce-breadcrumb\" data-id=\"4ee75ec\" data-element_type=\"widget\" data-e-type=\"widget\" data-widget_type=\"woocommerce-breadcrumb.default\">\n\t\t\t\t\t<nav class=\"wd-breadcrumbs woocommerce-breadcrumb\" aria-label=\"Migas de pan\">\t\t\t\t<span class=\"wd-last\">\n\t\t\t\t\tInicio\t\t\t\t<\/span>\n\t\t\t<\/nav>\t\t\t\t<\/div>\n\t\t\t\t<div class=\"elementor-element elementor-element-527d29d elementor-widget elementor-widget-heading\" data-id=\"527d29d\" data-element_type=\"widget\" data-e-type=\"widget\" data-widget_type=\"heading.default\">\n\t\t\t\t\t<h2 class=\"elementor-heading-title elementor-size-default\">Pago y entrega<\/h2>\t\t\t\t<\/div>\n\t\t<div class=\"elementor-element elementor-element-748accd e-con-full e-flex e-con e-child\" data-id=\"748accd\" data-element_type=\"container\" data-e-type=\"container\">\n\t\t<div class=\"elementor-element elementor-element-eb8c799 e-con-full e-flex e-con e-child\" data-id=\"eb8c799\" data-element_type=\"container\" data-e-type=\"container\">\n\t\t\t\t<div class=\"elementor-element elementor-element-d80c2ee elementor-widget elementor-widget-heading\" data-id=\"d80c2ee\" data-element_type=\"widget\" data-e-type=\"widget\" data-widget_type=\"heading.default\">\n\t\t\t\t\t<p class=\"elementor-heading-title elementor-size-default\">Entrega<\/p>\t\t\t\t<\/div>\n\t\t\t\t<div class=\"elementor-element elementor-element-92aa9b7 elementor-widget elementor-widget-wd_text_block\" data-id=\"92aa9b7\" data-element_type=\"widget\" data-e-type=\"widget\" data-widget_type=\"wd_text_block.default\">\n\t\t\t\t<div class=\"elementor-widget-container\">\n\t\t\t\t\t\t\t<div class=\"wd-text-block reset-last-child text-left\">\n\t\t\t\n\t\t\t<p>Los pedidos se env\u00edan el mismo d\u00eda en que se reciben.<\/p><p>La entrega se realiza a trav\u00e9s de Nova Poshta. Tambi\u00e9n es posible utilizar otros servicios postales previa coordinaci\u00f3n. El costo de env\u00edo corre por cuenta del comprador.<\/p><p><span style=\"color: #6188e3;\"><strong>Para pedidos superiores a 1500 UAH, la entrega es gratuita.<\/strong><\/span><\/p><p><span style=\"color: #6188e3;\"><strong>Opciones de entrega con Nova Poshta:<\/strong><\/span><\/p><ul><li>A una sucursal de Nova Poshta<\/li><li>A un casillero postal<\/li><li>Entrega a domicilio por mensajero (seg\u00fan las tarifas de Nova Poshta)*<\/li><\/ul><p>*La entrega a domicilio est\u00e1 disponible a la direcci\u00f3n del cliente a trav\u00e9s del servicio de mensajer\u00eda de Nova Poshta.<br \/>Este servicio se paga por separado de acuerdo con las tarifas de la empresa transportista.<\/p>\n\t\t\t\t\t<\/div>\n\t\t\t\t\t\t<\/div>\n\t\t\t\t<\/div>\n\t\t\t\t<\/div>\n\t\t<div class=\"elementor-element elementor-element-7f7bd76 e-con-full e-flex e-con e-child\" data-id=\"7f7bd76\" data-element_type=\"container\" data-e-type=\"container\">\n\t\t\t\t<div class=\"elementor-element elementor-element-956ed13 elementor-widget elementor-widget-heading\" data-id=\"956ed13\" data-element_type=\"widget\" data-e-type=\"widget\" data-widget_type=\"heading.default\">\n\t\t\t\t\t<p class=\"elementor-heading-title elementor-size-default\">Pago<\/p>\t\t\t\t<\/div>\n\t\t\t\t<div class=\"elementor-element elementor-element-4f01d86 elementor-widget elementor-widget-wd_text_block\" data-id=\"4f01d86\" data-element_type=\"widget\" data-e-type=\"widget\" data-widget_type=\"wd_text_block.default\">\n\t\t\t\t<div class=\"elementor-widget-container\">\n\t\t\t\t\t\t\t<div class=\"wd-text-block reset-last-child text-left\">\n\t\t\t\n\t\t\t<p>Para tu comodidad, ofrecemos varias opciones de pago:<\/p><ul><li>Pago anticipado a la cuenta bancaria<\/li><li>Pago contra reembolso al recibir el paquete (sin prepago)<\/li><li>Posibilidad de pago en cuotas (consulta con nuestro gerente)<\/li><\/ul><p>\u00a1Atenci\u00f3n!<br \/>Al pagar contra reembolso, el servicio postal cobra una comisi\u00f3n adicional.<\/p>\n\t\t\t\t\t<\/div>\n\t\t\t\t\t\t<\/div>\n\t\t\t\t<\/div>\n\t\t\t\t<\/div>\n\t\t\t\t<\/div>\n\t\t\t\t<\/div>\n\t\t\t\t<\/div>","protected":false},"excerpt":{"rendered":"<p>\u041e\u043f\u043b\u0430\u0442\u0430 \u0442\u0430 \u0434\u043e\u0441\u0442\u0430\u0432\u043a\u0430 \u0414\u043e\u0441\u0442\u0430\u0432\u043a\u0430 \u0412\u0456\u0434\u043f\u0440\u0430\u0432\u043a\u0430 \u0442\u043e\u0432\u0430\u0440\u0456\u0432 \u0432\u0456\u0434\u0431\u0443\u0432\u0430\u0454\u0442\u044c\u0441\u044f \u0434\u0435\u043d\u044c-\u0432-\u0434\u0435\u043d\u044c \u043f\u0456\u0441\u043b\u044f \u043e\u0442\u0440\u0438\u043c\u0430\u043d\u043d\u044f \u0437\u0430\u043c\u043e\u0432\u043b\u0435\u043d\u043d\u044f. \u0414\u043e\u0441\u0442\u0430\u0432\u043a\u0430 \u0442\u043e\u0432\u0430\u0440\u0456\u0432 \u043f\u0440\u043e\u0432\u043e\u0434\u0438\u0442\u044c\u0441\u044f \u041d\u043e\u0432\u043e\u044e \u041f\u043e\u0448\u0442\u043e\u044e. \u0422\u0430\u043a\u043e\u0436 \u0437\u0430 \u043f\u043e\u043f\u0435\u0440\u0435\u0434\u043d\u0456\u043c \u0443\u0437\u0433\u043e\u0434\u0436\u0435\u043d\u043d\u044f\u043c<\/p>","protected":false},"author":1,"featured_media":0,"parent":0,"menu_order":0,"comment_status":"closed","ping_status":"closed","template":"","meta":{"_acf_changed":false,"footnotes":""},"class_list":["post-187","page","type-page","status-publish","hentry"],"acf":[],"_links":{"self":[{"href":"https:\/\/glamu.com.ua\/es\/wp-json\/wp\/v2\/pages\/187","targetHints":{"allow":["GET"]}}],"collection":[{"href":"https:\/\/glamu.com.ua\/es\/wp-json\/wp\/v2\/pages"}],"about":[{"href":"https:\/\/glamu.com.ua\/es\/wp-json\/wp\/v2\/types\/page"}],"author":[{"embeddable":true,"href":"https:\/\/glamu.com.ua\/es\/wp-json\/wp\/v2\/users\/1"}],"replies":[{"embeddable":true,"href":"https:\/\/glamu.com.ua\/es\/wp-json\/wp\/v2\/comments?post=187"}],"version-history":[{"count":0,"href":"https:\/\/glamu.com.ua\/es\/wp-json\/wp\/v2\/pages\/187\/revisions"}],"wp:attachment":[{"href":"https:\/\/glamu.com.ua\/es\/wp-json\/wp\/v2\/media?parent=187"}],"curies":[{"name":"wp","href":"https:\/\/api.w.org\/{rel}","templated":true}]}}