{"id":185,"date":"2025-07-09T11:50:27","date_gmt":"2025-07-09T08:50:27","guid":{"rendered":"https:\/\/glamu.com.ua\/?page_id=185"},"modified":"2025-08-21T18:28:18","modified_gmt":"2025-08-21T15:28:18","slug":"obmin-y-povernennya","status":"publish","type":"page","link":"https:\/\/glamu.com.ua\/es\/obmin-y-povernennya\/","title":{"rendered":"Cambios y devoluciones"},"content":{"rendered":"<div data-elementor-type=\"wp-page\" data-elementor-id=\"185\" class=\"elementor elementor-185\" data-elementor-post-type=\"page\">\n\t\t\t\t<div class=\"elementor-element elementor-element-d7acf16 e-con-full wd-section-stretch-content e-flex e-con e-parent\" data-id=\"d7acf16\" data-element_type=\"container\" data-e-type=\"container\">\n\t\t\t\t<div class=\"elementor-element elementor-element-65ea707 elementor-widget elementor-widget-woocommerce-breadcrumb\" data-id=\"65ea707\" data-element_type=\"widget\" data-e-type=\"widget\" data-widget_type=\"woocommerce-breadcrumb.default\">\n\t\t\t\t\t<nav class=\"wd-breadcrumbs woocommerce-breadcrumb\" aria-label=\"Migas de pan\">\t\t\t\t<span class=\"wd-last\">\n\t\t\t\t\tInicio\t\t\t\t<\/span>\n\t\t\t<\/nav>\t\t\t\t<\/div>\n\t\t\t\t<div class=\"elementor-element elementor-element-101ebf4 elementor-widget elementor-widget-heading\" data-id=\"101ebf4\" data-element_type=\"widget\" data-e-type=\"widget\" data-widget_type=\"heading.default\">\n\t\t\t\t\t<h2 class=\"elementor-heading-title elementor-size-default\">Cambios y devoluciones<\/h2>\t\t\t\t<\/div>\n\t\t<div class=\"elementor-element elementor-element-aefdc69 e-con-full e-flex e-con e-child\" data-id=\"aefdc69\" data-element_type=\"container\" data-e-type=\"container\">\n\t\t<div class=\"elementor-element elementor-element-badd158 e-con-full e-flex e-con e-child\" data-id=\"badd158\" data-element_type=\"container\" data-e-type=\"container\">\n\t\t\t\t<div class=\"elementor-element elementor-element-fb282ad elementor-widget elementor-widget-wd_text_block\" data-id=\"fb282ad\" data-element_type=\"widget\" data-e-type=\"widget\" data-widget_type=\"wd_text_block.default\">\n\t\t\t\t<div class=\"elementor-widget-container\">\n\t\t\t\t\t\t\t<div class=\"wd-text-block reset-last-child text-left\">\n\t\t\t\n\t\t\t<p>El cambio de productos se realiza de acuerdo con la legislaci\u00f3n de Ucrania dentro de los 14 d\u00edas.\nEl art\u00edculo puede ser cambiado si:<\/p><ul><li>Mantiene su apariencia original<\/li><li>Se conserva el embalaje original<\/li><li>Se presenta el recibo o factura que confirme la compra con nosotros<\/li><li>No tiene olores ajenos<\/li><li>No ha sido utilizado<\/li><li>No han pasado m\u00e1s de 14 d\u00edas desde la entrega<\/li><\/ul>\n\t\t\t\t\t<\/div>\n\t\t\t\t\t\t<\/div>\n\t\t\t\t<\/div>\n\t\t\t\t<\/div>\n\t\t<div class=\"elementor-element elementor-element-c83bfc6 e-con-full e-flex e-con e-child\" data-id=\"c83bfc6\" data-element_type=\"container\" data-e-type=\"container\">\n\t\t\t\t<div class=\"elementor-element elementor-element-c48a8e0 elementor-widget elementor-widget-wd_text_block\" data-id=\"c48a8e0\" data-element_type=\"widget\" data-e-type=\"widget\" data-widget_type=\"wd_text_block.default\">\n\t\t\t\t<div class=\"elementor-widget-container\">\n\t\t\t\t\t\t\t<div class=\"wd-text-block reset-last-child text-left\">\n\t\t\t\n\t\t\t<p>Puedes devolver un producto si:<\/p><ul><li>El art\u00edculo recibido no coincide con el pedido<\/li><li>Presenta un defecto de fabricaci\u00f3n<\/li><li>El producto fue da\u00f1ado durante el env\u00edo<\/li><\/ul><p>Para gestionar una devoluci\u00f3n, contacta con nuestro servicio de atenci\u00f3n al cliente indicando el n\u00famero de pedido y el motivo de la devoluci\u00f3n.<\/p>\n\t\t\t\t\t<\/div>\n\t\t\t\t\t\t<\/div>\n\t\t\t\t<\/div>\n\t\t\t\t<\/div>\n\t\t\t\t<\/div>\n\t\t\t\t<\/div>\n\t\t\t\t<\/div>","protected":false},"excerpt":{"rendered":"<p>\u041e\u0431\u043c\u0456\u043d \u0442\u0430 \u043f\u043e\u0432\u0435\u0440\u043d\u0435\u043d\u043d\u044f \u041e\u0431\u043c\u0456\u043d \u0442\u043e\u0432\u0430\u0440\u0443 \u0437\u0434\u0456\u0439\u0441\u043d\u044e\u0454\u0442\u044c\u0441\u044f \u0443 \u0432\u0456\u0434\u043f\u043e\u0432\u0456\u0434\u043d\u043e\u0441\u0442\u0456 \u0434\u043e \u0417\u0430\u043a\u043e\u043d\u0443 \u0423\u043a\u0440\u0430\u0457\u043d\u0438 \u043f\u0440\u043e\u0442\u044f\u0433\u043e\u043c 14 \u0434\u043d\u0456\u0432. \u0422\u043e\u0432\u0430\u0440 \u043f\u0456\u0434\u043b\u044f\u0433\u0430\u0454 \u043e\u0431\u043c\u0456\u043d\u0443, \u044f\u043a\u0449\u043e: \u041c\u043e\u0454 \u0442\u043e\u0432\u0430\u0440\u043d\u0438\u0439<\/p>","protected":false},"author":1,"featured_media":0,"parent":0,"menu_order":0,"comment_status":"closed","ping_status":"closed","template":"","meta":{"_acf_changed":false,"footnotes":""},"class_list":["post-185","page","type-page","status-publish","hentry"],"acf":[],"_links":{"self":[{"href":"https:\/\/glamu.com.ua\/es\/wp-json\/wp\/v2\/pages\/185","targetHints":{"allow":["GET"]}}],"collection":[{"href":"https:\/\/glamu.com.ua\/es\/wp-json\/wp\/v2\/pages"}],"about":[{"href":"https:\/\/glamu.com.ua\/es\/wp-json\/wp\/v2\/types\/page"}],"author":[{"embeddable":true,"href":"https:\/\/glamu.com.ua\/es\/wp-json\/wp\/v2\/users\/1"}],"replies":[{"embeddable":true,"href":"https:\/\/glamu.com.ua\/es\/wp-json\/wp\/v2\/comments?post=185"}],"version-history":[{"count":0,"href":"https:\/\/glamu.com.ua\/es\/wp-json\/wp\/v2\/pages\/185\/revisions"}],"wp:attachment":[{"href":"https:\/\/glamu.com.ua\/es\/wp-json\/wp\/v2\/media?parent=185"}],"curies":[{"name":"wp","href":"https:\/\/api.w.org\/{rel}","templated":true}]}}